{"id":98,"date":"2017-05-13T03:15:42","date_gmt":"2017-05-13T00:15:42","guid":{"rendered":"http:\/\/herdeks.com.tr\/magaza\/?post_type=product&#038;p=98"},"modified":"2025-06-26T22:42:18","modified_gmt":"2025-06-26T19:42:18","slug":"silikon-kulak-tikaci","status":"publish","type":"product","link":"https:\/\/herdeks.com.tr\/magaza\/urun\/silikon-kulak-tikaci\/","title":{"rendered":"Silikon Kulak T\u0131kac\u0131"},"content":{"rendered":"<p><strong>KULLANIMI<br \/>\n<\/strong>Silikonu iki parma\u011f\u0131n\u0131z\u0131n aras\u0131nda yuvarlayarak top haline getirin ve kulak yoluna yerle\u015ftirin \u00e7ok hafif bast\u0131r\u0131n ,d\u00fc\u015fmeyecek \u015fekilde b\u0131rak\u0131n. Silikonu \u00e7\u0131kartmak i\u00e7in kulak arkas\u0131na hafif\u00e7e bast\u0131r\u0131n silikonu tutun kula\u011f\u0131n\u0131zdan al\u0131n. Kulland\u0131ktan sonra \u015fampuan veya sabunla avu\u00e7 i\u00e7inde \u00e7alkalayarak y\u0131kay\u0131n sonras\u0131 \u00f6zel plastik kab\u0131nda koyun ve saklay\u0131n. \u00c7ocuklar\u0131n kullanmas\u0131 i\u00e7in ebeveynlerin yard\u0131m\u0131 ve izni olmal\u0131d\u0131r. Ambalaj:Yuvarlak kapakl\u0131 plastik kutu i\u00e7inde iki adet yumu\u015fak silikon.<strong><br \/>\n<\/strong><\/p>\n<p><strong>EMN\u0130YET TEDB\u0130RLER\u0130<\/strong><br \/>\nSilikonu kesinlikle kulak yoluna fazla sokmay\u0131n\u0131z. Ani bas\u0131n\u00e7 de\u011fi\u015fimi olan ortamlarda(u\u00e7akta ini\u015fte ve kalk\u0131\u015fta) dalg\u0131\u00e7lar kullanmamal\u0131d\u0131r. \u00c7ocuklardan uzak tutunuz<\/p>\n","protected":false},"excerpt":{"rendered":"<p>Suyun kula\u011fa girmesini \u00f6nleyen yumu\u015fak set.<\/p>\n<p>Y\u00fczerken, du\u015f yaparken, s\u00f6rf yaparken, seyahat ederken, kitap okurken, do\u011fal yolla daha iyi uyku uyumak i\u00e7in, \u00e7al\u0131\u015f\u0131rken ve dinlenme anlar\u0131nda g\u00fcr\u00fclt\u00fcy\u00fc ve suyu tamamen keserek m\u00fckemmel bir rahatl\u0131k sa\u011flayan konforlu bir \u00fcr\u00fcnd\u00fcr.<\/p>\n<p>Herhangi bir rahats\u0131zl\u0131k veya kulak ameliyat\u0131 sonucu olu\u015fabilecek kulak ak\u0131nt\u0131s\u0131n\u0131 \u00f6nlemek amac\u0131yla hijyenik kulak koruyucu olarak kullan\u0131labilir.<\/p>\n<p>\u00d6zellikle i\u015f g\u00fcvenli\u011fi a\u00e7\u0131s\u0131ndan g\u00fcr\u00fclt\u00fcl\u00fc i\u015f yerlerinde \u00e7al\u0131\u015fanlar ve i\u015f makinalar\u0131 kullananlar i\u00e7in son derece emniyetli bir \u00fcr\u00fcnd\u00fcr.<\/p>\n","protected":false},"featured_media":804,"comment_status":"open","ping_status":"closed","template":"","meta":[],"class_list":["post-98","product","type-product","status-publish","has-post-thumbnail","hentry","product_cat-saglikli-yasam-urunleri"],"yoast_head":"<!-- This site is optimized with the Yoast SEO plugin v25.3.1 - https:\/\/yoast.com\/wordpress\/plugins\/seo\/ -->\n<title>Silikon Kulak T\u0131kac\u0131 - Herdeks Magaza<\/title>\n<meta name=\"robots\" content=\"index, follow, max-snippet:-1, max-image-preview:large, max-video-preview:-1\" \/>\n<link rel=\"canonical\" href=\"https:\/\/herdeks.com.tr\/magaza\/urun\/silikon-kulak-tikaci\/\" \/>\n<meta property=\"og:locale\" content=\"tr_TR\" \/>\n<meta property=\"og:type\" content=\"article\" \/>\n<meta property=\"og:title\" content=\"Silikon Kulak T\u0131kac\u0131 - Herdeks Magaza\" \/>\n<meta property=\"og:description\" content=\"Suyun kula\u011fa girmesini \u00f6nleyen yumu\u015fak set.  Y\u00fczerken, du\u015f yaparken, s\u00f6rf yaparken, seyahat ederken, kitap okurken, do\u011fal yolla daha iyi uyku uyumak i\u00e7in, \u00e7al\u0131\u015f\u0131rken ve dinlenme anlar\u0131nda g\u00fcr\u00fclt\u00fcy\u00fc ve suyu tamamen keserek m\u00fckemmel bir rahatl\u0131k sa\u011flayan konforlu bir \u00fcr\u00fcnd\u00fcr.  Herhangi bir rahats\u0131zl\u0131k veya kulak ameliyat\u0131 sonucu olu\u015fabilecek kulak ak\u0131nt\u0131s\u0131n\u0131 \u00f6nlemek amac\u0131yla hijyenik kulak koruyucu olarak kullan\u0131labilir.  \u00d6zellikle i\u015f g\u00fcvenli\u011fi a\u00e7\u0131s\u0131ndan g\u00fcr\u00fclt\u00fcl\u00fc i\u015f yerlerinde \u00e7al\u0131\u015fanlar ve i\u015f makinalar\u0131 kullananlar i\u00e7in son derece emniyetli bir \u00fcr\u00fcnd\u00fcr.\" \/>\n<meta property=\"og:url\" content=\"https:\/\/herdeks.com.tr\/magaza\/urun\/silikon-kulak-tikaci\/\" \/>\n<meta property=\"og:site_name\" content=\"Herdeks Magaza\" \/>\n<meta property=\"article:modified_time\" content=\"2025-06-26T19:42:18+00:00\" \/>\n<meta property=\"og:image\" content=\"https:\/\/herdeks.com.tr\/magaza\/wp-content\/uploads\/2017\/05\/Silikon-T\u0131ka\u00e7.jpeg\" \/>\n\t<meta property=\"og:image:width\" content=\"1599\" \/>\n\t<meta property=\"og:image:height\" content=\"1200\" \/>\n\t<meta property=\"og:image:type\" content=\"image\/jpeg\" \/>\n<meta name=\"twitter:card\" content=\"summary_large_image\" \/>\n<meta name=\"twitter:label1\" content=\"Tahmini okuma s\u00fcresi\" \/>\n\t<meta name=\"twitter:data1\" content=\"1 dakika\" \/>\n<script type=\"application\/ld+json\" class=\"yoast-schema-graph\">{\"@context\":\"https:\/\/schema.org\",\"@graph\":[{\"@type\":\"WebPage\",\"@id\":\"https:\/\/herdeks.com.tr\/magaza\/urun\/silikon-kulak-tikaci\/\",\"url\":\"https:\/\/herdeks.com.tr\/magaza\/urun\/silikon-kulak-tikaci\/\",\"name\":\"Silikon Kulak T\u0131kac\u0131 - Herdeks Magaza\",\"isPartOf\":{\"@id\":\"https:\/\/herdeks.com.tr\/magaza\/#website\"},\"primaryImageOfPage\":{\"@id\":\"https:\/\/herdeks.com.tr\/magaza\/urun\/silikon-kulak-tikaci\/#primaryimage\"},\"image\":{\"@id\":\"https:\/\/herdeks.com.tr\/magaza\/urun\/silikon-kulak-tikaci\/#primaryimage\"},\"thumbnailUrl\":\"https:\/\/herdeks.com.tr\/magaza\/wp-content\/uploads\/2017\/05\/Silikon-T\u0131ka\u00e7.jpeg\",\"datePublished\":\"2017-05-13T00:15:42+00:00\",\"dateModified\":\"2025-06-26T19:42:18+00:00\",\"breadcrumb\":{\"@id\":\"https:\/\/herdeks.com.tr\/magaza\/urun\/silikon-kulak-tikaci\/#breadcrumb\"},\"inLanguage\":\"tr\",\"potentialAction\":[{\"@type\":\"ReadAction\",\"target\":[\"https:\/\/herdeks.com.tr\/magaza\/urun\/silikon-kulak-tikaci\/\"]}]},{\"@type\":\"ImageObject\",\"inLanguage\":\"tr\",\"@id\":\"https:\/\/herdeks.com.tr\/magaza\/urun\/silikon-kulak-tikaci\/#primaryimage\",\"url\":\"https:\/\/herdeks.com.tr\/magaza\/wp-content\/uploads\/2017\/05\/Silikon-T\u0131ka\u00e7.jpeg\",\"contentUrl\":\"https:\/\/herdeks.com.tr\/magaza\/wp-content\/uploads\/2017\/05\/Silikon-T\u0131ka\u00e7.jpeg\",\"width\":1599,\"height\":1200},{\"@type\":\"BreadcrumbList\",\"@id\":\"https:\/\/herdeks.com.tr\/magaza\/urun\/silikon-kulak-tikaci\/#breadcrumb\",\"itemListElement\":[{\"@type\":\"ListItem\",\"position\":1,\"name\":\"Ana sayfa\",\"item\":\"https:\/\/herdeks.com.tr\/magaza\/\"},{\"@type\":\"ListItem\",\"position\":2,\"name\":\"Ma\u011faza\",\"item\":\"https:\/\/herdeks.com.tr\/magaza\/\"},{\"@type\":\"ListItem\",\"position\":3,\"name\":\"Silikon Kulak T\u0131kac\u0131\"}]},{\"@type\":\"WebSite\",\"@id\":\"https:\/\/herdeks.com.tr\/magaza\/#website\",\"url\":\"https:\/\/herdeks.com.tr\/magaza\/\",\"name\":\"Herdeks Magaza\",\"description\":\"Sa\u011fl\u0131kl\u0131 Ya\u015fam \u00dcr\u00fcnleri\",\"publisher\":{\"@id\":\"https:\/\/herdeks.com.tr\/magaza\/#organization\"},\"potentialAction\":[{\"@type\":\"SearchAction\",\"target\":{\"@type\":\"EntryPoint\",\"urlTemplate\":\"https:\/\/herdeks.com.tr\/magaza\/?s={search_term_string}\"},\"query-input\":{\"@type\":\"PropertyValueSpecification\",\"valueRequired\":true,\"valueName\":\"search_term_string\"}}],\"inLanguage\":\"tr\"},{\"@type\":\"Organization\",\"@id\":\"https:\/\/herdeks.com.tr\/magaza\/#organization\",\"name\":\"Herdeks Magaza\",\"url\":\"https:\/\/herdeks.com.tr\/magaza\/\",\"logo\":{\"@type\":\"ImageObject\",\"inLanguage\":\"tr\",\"@id\":\"https:\/\/herdeks.com.tr\/magaza\/#\/schema\/logo\/image\/\",\"url\":\"https:\/\/herdeks.com.tr\/magaza\/wp-content\/uploads\/2017\/05\/Herdeks-Logo-2.png\",\"contentUrl\":\"https:\/\/herdeks.com.tr\/magaza\/wp-content\/uploads\/2017\/05\/Herdeks-Logo-2.png\",\"width\":270,\"height\":72,\"caption\":\"Herdeks Magaza\"},\"image\":{\"@id\":\"https:\/\/herdeks.com.tr\/magaza\/#\/schema\/logo\/image\/\"}}]}<\/script>\n<!-- \/ Yoast SEO plugin. -->","yoast_head_json":{"title":"Silikon Kulak T\u0131kac\u0131 - Herdeks Magaza","robots":{"index":"index","follow":"follow","max-snippet":"max-snippet:-1","max-image-preview":"max-image-preview:large","max-video-preview":"max-video-preview:-1"},"canonical":"https:\/\/herdeks.com.tr\/magaza\/urun\/silikon-kulak-tikaci\/","og_locale":"tr_TR","og_type":"article","og_title":"Silikon Kulak T\u0131kac\u0131 - Herdeks Magaza","og_description":"Suyun kula\u011fa girmesini \u00f6nleyen yumu\u015fak set.  Y\u00fczerken, du\u015f yaparken, s\u00f6rf yaparken, seyahat ederken, kitap okurken, do\u011fal yolla daha iyi uyku uyumak i\u00e7in, \u00e7al\u0131\u015f\u0131rken ve dinlenme anlar\u0131nda g\u00fcr\u00fclt\u00fcy\u00fc ve suyu tamamen keserek m\u00fckemmel bir rahatl\u0131k sa\u011flayan konforlu bir \u00fcr\u00fcnd\u00fcr.  Herhangi bir rahats\u0131zl\u0131k veya kulak ameliyat\u0131 sonucu olu\u015fabilecek kulak ak\u0131nt\u0131s\u0131n\u0131 \u00f6nlemek amac\u0131yla hijyenik kulak koruyucu olarak kullan\u0131labilir.  \u00d6zellikle i\u015f g\u00fcvenli\u011fi a\u00e7\u0131s\u0131ndan g\u00fcr\u00fclt\u00fcl\u00fc i\u015f yerlerinde \u00e7al\u0131\u015fanlar ve i\u015f makinalar\u0131 kullananlar i\u00e7in son derece emniyetli bir \u00fcr\u00fcnd\u00fcr.","og_url":"https:\/\/herdeks.com.tr\/magaza\/urun\/silikon-kulak-tikaci\/","og_site_name":"Herdeks Magaza","article_modified_time":"2025-06-26T19:42:18+00:00","og_image":[{"width":1599,"height":1200,"url":"https:\/\/herdeks.com.tr\/magaza\/wp-content\/uploads\/2017\/05\/Silikon-T\u0131ka\u00e7.jpeg","type":"image\/jpeg"}],"twitter_card":"summary_large_image","twitter_misc":{"Tahmini okuma s\u00fcresi":"1 dakika"},"schema":{"@context":"https:\/\/schema.org","@graph":[{"@type":"WebPage","@id":"https:\/\/herdeks.com.tr\/magaza\/urun\/silikon-kulak-tikaci\/","url":"https:\/\/herdeks.com.tr\/magaza\/urun\/silikon-kulak-tikaci\/","name":"Silikon Kulak T\u0131kac\u0131 - Herdeks Magaza","isPartOf":{"@id":"https:\/\/herdeks.com.tr\/magaza\/#website"},"primaryImageOfPage":{"@id":"https:\/\/herdeks.com.tr\/magaza\/urun\/silikon-kulak-tikaci\/#primaryimage"},"image":{"@id":"https:\/\/herdeks.com.tr\/magaza\/urun\/silikon-kulak-tikaci\/#primaryimage"},"thumbnailUrl":"https:\/\/herdeks.com.tr\/magaza\/wp-content\/uploads\/2017\/05\/Silikon-T\u0131ka\u00e7.jpeg","datePublished":"2017-05-13T00:15:42+00:00","dateModified":"2025-06-26T19:42:18+00:00","breadcrumb":{"@id":"https:\/\/herdeks.com.tr\/magaza\/urun\/silikon-kulak-tikaci\/#breadcrumb"},"inLanguage":"tr","potentialAction":[{"@type":"ReadAction","target":["https:\/\/herdeks.com.tr\/magaza\/urun\/silikon-kulak-tikaci\/"]}]},{"@type":"ImageObject","inLanguage":"tr","@id":"https:\/\/herdeks.com.tr\/magaza\/urun\/silikon-kulak-tikaci\/#primaryimage","url":"https:\/\/herdeks.com.tr\/magaza\/wp-content\/uploads\/2017\/05\/Silikon-T\u0131ka\u00e7.jpeg","contentUrl":"https:\/\/herdeks.com.tr\/magaza\/wp-content\/uploads\/2017\/05\/Silikon-T\u0131ka\u00e7.jpeg","width":1599,"height":1200},{"@type":"BreadcrumbList","@id":"https:\/\/herdeks.com.tr\/magaza\/urun\/silikon-kulak-tikaci\/#breadcrumb","itemListElement":[{"@type":"ListItem","position":1,"name":"Ana sayfa","item":"https:\/\/herdeks.com.tr\/magaza\/"},{"@type":"ListItem","position":2,"name":"Ma\u011faza","item":"https:\/\/herdeks.com.tr\/magaza\/"},{"@type":"ListItem","position":3,"name":"Silikon Kulak T\u0131kac\u0131"}]},{"@type":"WebSite","@id":"https:\/\/herdeks.com.tr\/magaza\/#website","url":"https:\/\/herdeks.com.tr\/magaza\/","name":"Herdeks Magaza","description":"Sa\u011fl\u0131kl\u0131 Ya\u015fam \u00dcr\u00fcnleri","publisher":{"@id":"https:\/\/herdeks.com.tr\/magaza\/#organization"},"potentialAction":[{"@type":"SearchAction","target":{"@type":"EntryPoint","urlTemplate":"https:\/\/herdeks.com.tr\/magaza\/?s={search_term_string}"},"query-input":{"@type":"PropertyValueSpecification","valueRequired":true,"valueName":"search_term_string"}}],"inLanguage":"tr"},{"@type":"Organization","@id":"https:\/\/herdeks.com.tr\/magaza\/#organization","name":"Herdeks Magaza","url":"https:\/\/herdeks.com.tr\/magaza\/","logo":{"@type":"ImageObject","inLanguage":"tr","@id":"https:\/\/herdeks.com.tr\/magaza\/#\/schema\/logo\/image\/","url":"https:\/\/herdeks.com.tr\/magaza\/wp-content\/uploads\/2017\/05\/Herdeks-Logo-2.png","contentUrl":"https:\/\/herdeks.com.tr\/magaza\/wp-content\/uploads\/2017\/05\/Herdeks-Logo-2.png","width":270,"height":72,"caption":"Herdeks Magaza"},"image":{"@id":"https:\/\/herdeks.com.tr\/magaza\/#\/schema\/logo\/image\/"}}]}},"_links":{"self":[{"href":"https:\/\/herdeks.com.tr\/magaza\/wp-json\/wp\/v2\/product\/98","targetHints":{"allow":["GET"]}}],"collection":[{"href":"https:\/\/herdeks.com.tr\/magaza\/wp-json\/wp\/v2\/product"}],"about":[{"href":"https:\/\/herdeks.com.tr\/magaza\/wp-json\/wp\/v2\/types\/product"}],"replies":[{"embeddable":true,"href":"https:\/\/herdeks.com.tr\/magaza\/wp-json\/wp\/v2\/comments?post=98"}],"wp:featuredmedia":[{"embeddable":true,"href":"https:\/\/herdeks.com.tr\/magaza\/wp-json\/wp\/v2\/media\/804"}],"wp:attachment":[{"href":"https:\/\/herdeks.com.tr\/magaza\/wp-json\/wp\/v2\/media?parent=98"}],"curies":[{"name":"wp","href":"https:\/\/api.w.org\/{rel}","templated":true}]}}