{"id":827,"date":"2018-07-02T16:10:12","date_gmt":"2018-07-02T13:10:12","guid":{"rendered":"http:\/\/herdeks.com.tr\/magaza\/?post_type=product&#038;p=827"},"modified":"2025-06-26T22:42:17","modified_gmt":"2025-06-26T19:42:17","slug":"gurultu-onleyici-bant","status":"publish","type":"product","link":"https:\/\/herdeks.com.tr\/magaza\/urun\/gurultu-onleyici-bant\/","title":{"rendered":"G\u00fcr\u00fclt\u00fc \u00d6nleyici Bant"},"content":{"rendered":"<p>Kir ve mikroplar kadar, g\u00fcr\u00fclt\u00fcve y\u00fcksek desibel ses dalgalar\u0131 da kulak i\u00e7in zararl\u0131d\u0131r. S\u00fcrekli y\u00fcksek desibelde g\u00fcr\u00fclt\u00fclere maruz kalan insanlarda belirli bir s\u00fcre sonunda \u00e7e\u015fitli kulak rahats\u0131zl\u0131klar\u0131 g\u00f6r\u00fclmektedir.<\/p>\n<p>G\u00fcr\u00fclt\u00fc nedeniyle olu\u015fan ince seslerde kay\u0131plar, i\u015fitme bozukluklar\u0131 sonucu sa\u011f\u0131rl\u0131\u011fa neden olur.<\/p>\n<p>G\u00fcr\u00fclt\u00fc \u00d6nleyicimiz sa\u011fl\u0131k a\u00e7\u0131s\u0131ndan faydal\u0131 olup g\u00fcr\u00fclt\u00fcl\u00fc ortamlarda rahat uyumay\u0131 ya da \u00e7al\u0131\u015fabilmeyi sa\u011flar.<\/p>\n<p>G\u00fcr\u00fclt\u00fc koruma fakt\u00f6r\u00fc 28 desibeldir.<\/p>\n<p>\u00c7abuk ve kolay tak\u0131l\u0131r, hafiftir.<\/p>\n<p>M\u00fckemmel bir g\u00fcr\u00fclt\u00fc \u00f6nleyicidir.<\/p>\n<p>Kolay ayarlanabilir. \u015e\u0131k g\u00f6r\u00fcn\u00fcml\u00fc ve sa\u011flamd\u0131r.<\/p>\n<p>Kula\u011f\u0131 so\u011fuktan korur, temiz tutar, tozdan korur.<\/p>\n<p>Elektrik ve su ge\u00e7irmez.<\/p>\n<p>Kolay temizlenebilir, y\u0131kanabilir.<\/p>\n<p>Baret, kask ve her t\u00fcrl\u00fc ba\u015fl\u0131kla rahatl\u0131kla kullan\u0131labilir.<\/p>\n<p>Y\u00fcz koruyucu perde ve her t\u00fcrl\u00fc g\u00f6zl\u00fckle kullan\u0131labilir.<\/p>\n<p>Kulak i\u00e7indedi\u011fer t\u0131ka\u00e7larda oldu\u011fu gibi dolgunluk hissi yaratmaz.<\/p>\n<p>\u00dcr\u00fcn\u00fcm\u00fcz, teknik \u00f6zelliklere sahip 10 ayr\u0131 katmandan olu\u015fmu\u015ftur.<\/p>\n<p>\u0130\u00e7 taraf\u0131 %100 pamukhavludur terletme yapmaz.<\/p>\n","protected":false},"excerpt":{"rendered":"<p><strong>NASIL KULLANILIR?<\/strong> Band\u0131n d\u00fcz orta k\u0131sm\u0131 \u00fcst tarafa gelecek \u015fekilde aln\u0131n tam orta k\u0131sm\u0131na gelecek \u015fekilde konur ve her iki elle bombeli k\u0131s\u0131m kep\u00e7elere gelecek \u015fekilde kapat\u0131larak di\u015fi ve erkek vekra ensede \u00fcst \u00fcste konarak \u00fczerine s\u0131k\u0131ca bast\u0131r\u0131larak birle\u015ftirilir. <strong>K\u0130RLEND\u0130G\u0130NDE YIKANAB\u0130L\u0130R.<\/strong><\/p>\n","protected":false},"featured_media":1129,"comment_status":"open","ping_status":"closed","template":"","meta":[],"class_list":["post-827","product","type-product","status-publish","has-post-thumbnail","hentry","product_cat-saglikli-yasam-urunleri"],"yoast_head":"<!-- This site is optimized with the Yoast SEO plugin v25.3.1 - https:\/\/yoast.com\/wordpress\/plugins\/seo\/ -->\n<title>G\u00fcr\u00fclt\u00fc \u00d6nleyici Bant - Herdeks Magaza<\/title>\n<meta name=\"robots\" content=\"index, follow, max-snippet:-1, max-image-preview:large, max-video-preview:-1\" \/>\n<link rel=\"canonical\" href=\"https:\/\/herdeks.com.tr\/magaza\/urun\/gurultu-onleyici-bant\/\" \/>\n<meta property=\"og:locale\" content=\"tr_TR\" \/>\n<meta property=\"og:type\" content=\"article\" \/>\n<meta property=\"og:title\" content=\"G\u00fcr\u00fclt\u00fc \u00d6nleyici Bant - Herdeks Magaza\" \/>\n<meta property=\"og:description\" content=\"NASIL KULLANILIR? Band\u0131n d\u00fcz orta k\u0131sm\u0131 \u00fcst tarafa gelecek \u015fekilde aln\u0131n tam orta k\u0131sm\u0131na gelecek \u015fekilde konur ve her iki elle bombeli k\u0131s\u0131m kep\u00e7elere gelecek \u015fekilde kapat\u0131larak di\u015fi ve erkek vekra ensede \u00fcst \u00fcste konarak \u00fczerine s\u0131k\u0131ca bast\u0131r\u0131larak birle\u015ftirilir. K\u0130RLEND\u0130G\u0130NDE YIKANAB\u0130L\u0130R.\" \/>\n<meta property=\"og:url\" content=\"https:\/\/herdeks.com.tr\/magaza\/urun\/gurultu-onleyici-bant\/\" \/>\n<meta property=\"og:site_name\" content=\"Herdeks Magaza\" \/>\n<meta property=\"article:modified_time\" content=\"2025-06-26T19:42:17+00:00\" \/>\n<meta property=\"og:image\" content=\"https:\/\/herdeks.com.tr\/magaza\/wp-content\/uploads\/2018\/07\/g\u00fcr\u00fclt\u00fc-\u00f6nleyici-resim.jpg\" \/>\n\t<meta property=\"og:image:width\" content=\"1076\" \/>\n\t<meta property=\"og:image:height\" content=\"1200\" \/>\n\t<meta property=\"og:image:type\" content=\"image\/jpeg\" \/>\n<meta name=\"twitter:card\" content=\"summary_large_image\" \/>\n<meta name=\"twitter:label1\" content=\"Tahmini okuma s\u00fcresi\" \/>\n\t<meta name=\"twitter:data1\" content=\"1 dakika\" \/>\n<script type=\"application\/ld+json\" class=\"yoast-schema-graph\">{\"@context\":\"https:\/\/schema.org\",\"@graph\":[{\"@type\":\"WebPage\",\"@id\":\"https:\/\/herdeks.com.tr\/magaza\/urun\/gurultu-onleyici-bant\/\",\"url\":\"https:\/\/herdeks.com.tr\/magaza\/urun\/gurultu-onleyici-bant\/\",\"name\":\"G\u00fcr\u00fclt\u00fc \u00d6nleyici Bant - Herdeks Magaza\",\"isPartOf\":{\"@id\":\"https:\/\/herdeks.com.tr\/magaza\/#website\"},\"primaryImageOfPage\":{\"@id\":\"https:\/\/herdeks.com.tr\/magaza\/urun\/gurultu-onleyici-bant\/#primaryimage\"},\"image\":{\"@id\":\"https:\/\/herdeks.com.tr\/magaza\/urun\/gurultu-onleyici-bant\/#primaryimage\"},\"thumbnailUrl\":\"https:\/\/herdeks.com.tr\/magaza\/wp-content\/uploads\/2018\/07\/g\u00fcr\u00fclt\u00fc-\u00f6nleyici-resim.jpg\",\"datePublished\":\"2018-07-02T13:10:12+00:00\",\"dateModified\":\"2025-06-26T19:42:17+00:00\",\"breadcrumb\":{\"@id\":\"https:\/\/herdeks.com.tr\/magaza\/urun\/gurultu-onleyici-bant\/#breadcrumb\"},\"inLanguage\":\"tr\",\"potentialAction\":[{\"@type\":\"ReadAction\",\"target\":[\"https:\/\/herdeks.com.tr\/magaza\/urun\/gurultu-onleyici-bant\/\"]}]},{\"@type\":\"ImageObject\",\"inLanguage\":\"tr\",\"@id\":\"https:\/\/herdeks.com.tr\/magaza\/urun\/gurultu-onleyici-bant\/#primaryimage\",\"url\":\"https:\/\/herdeks.com.tr\/magaza\/wp-content\/uploads\/2018\/07\/g\u00fcr\u00fclt\u00fc-\u00f6nleyici-resim.jpg\",\"contentUrl\":\"https:\/\/herdeks.com.tr\/magaza\/wp-content\/uploads\/2018\/07\/g\u00fcr\u00fclt\u00fc-\u00f6nleyici-resim.jpg\",\"width\":1076,\"height\":1200},{\"@type\":\"BreadcrumbList\",\"@id\":\"https:\/\/herdeks.com.tr\/magaza\/urun\/gurultu-onleyici-bant\/#breadcrumb\",\"itemListElement\":[{\"@type\":\"ListItem\",\"position\":1,\"name\":\"Ana sayfa\",\"item\":\"https:\/\/herdeks.com.tr\/magaza\/\"},{\"@type\":\"ListItem\",\"position\":2,\"name\":\"Ma\u011faza\",\"item\":\"https:\/\/herdeks.com.tr\/magaza\/\"},{\"@type\":\"ListItem\",\"position\":3,\"name\":\"G\u00fcr\u00fclt\u00fc \u00d6nleyici Bant\"}]},{\"@type\":\"WebSite\",\"@id\":\"https:\/\/herdeks.com.tr\/magaza\/#website\",\"url\":\"https:\/\/herdeks.com.tr\/magaza\/\",\"name\":\"Herdeks Magaza\",\"description\":\"Sa\u011fl\u0131kl\u0131 Ya\u015fam \u00dcr\u00fcnleri\",\"publisher\":{\"@id\":\"https:\/\/herdeks.com.tr\/magaza\/#organization\"},\"potentialAction\":[{\"@type\":\"SearchAction\",\"target\":{\"@type\":\"EntryPoint\",\"urlTemplate\":\"https:\/\/herdeks.com.tr\/magaza\/?s={search_term_string}\"},\"query-input\":{\"@type\":\"PropertyValueSpecification\",\"valueRequired\":true,\"valueName\":\"search_term_string\"}}],\"inLanguage\":\"tr\"},{\"@type\":\"Organization\",\"@id\":\"https:\/\/herdeks.com.tr\/magaza\/#organization\",\"name\":\"Herdeks Magaza\",\"url\":\"https:\/\/herdeks.com.tr\/magaza\/\",\"logo\":{\"@type\":\"ImageObject\",\"inLanguage\":\"tr\",\"@id\":\"https:\/\/herdeks.com.tr\/magaza\/#\/schema\/logo\/image\/\",\"url\":\"https:\/\/herdeks.com.tr\/magaza\/wp-content\/uploads\/2017\/05\/Herdeks-Logo-2.png\",\"contentUrl\":\"https:\/\/herdeks.com.tr\/magaza\/wp-content\/uploads\/2017\/05\/Herdeks-Logo-2.png\",\"width\":270,\"height\":72,\"caption\":\"Herdeks Magaza\"},\"image\":{\"@id\":\"https:\/\/herdeks.com.tr\/magaza\/#\/schema\/logo\/image\/\"}}]}<\/script>\n<!-- \/ Yoast SEO plugin. -->","yoast_head_json":{"title":"G\u00fcr\u00fclt\u00fc \u00d6nleyici Bant - Herdeks Magaza","robots":{"index":"index","follow":"follow","max-snippet":"max-snippet:-1","max-image-preview":"max-image-preview:large","max-video-preview":"max-video-preview:-1"},"canonical":"https:\/\/herdeks.com.tr\/magaza\/urun\/gurultu-onleyici-bant\/","og_locale":"tr_TR","og_type":"article","og_title":"G\u00fcr\u00fclt\u00fc \u00d6nleyici Bant - Herdeks Magaza","og_description":"NASIL KULLANILIR? Band\u0131n d\u00fcz orta k\u0131sm\u0131 \u00fcst tarafa gelecek \u015fekilde aln\u0131n tam orta k\u0131sm\u0131na gelecek \u015fekilde konur ve her iki elle bombeli k\u0131s\u0131m kep\u00e7elere gelecek \u015fekilde kapat\u0131larak di\u015fi ve erkek vekra ensede \u00fcst \u00fcste konarak \u00fczerine s\u0131k\u0131ca bast\u0131r\u0131larak birle\u015ftirilir. K\u0130RLEND\u0130G\u0130NDE YIKANAB\u0130L\u0130R.","og_url":"https:\/\/herdeks.com.tr\/magaza\/urun\/gurultu-onleyici-bant\/","og_site_name":"Herdeks Magaza","article_modified_time":"2025-06-26T19:42:17+00:00","og_image":[{"width":1076,"height":1200,"url":"https:\/\/herdeks.com.tr\/magaza\/wp-content\/uploads\/2018\/07\/g\u00fcr\u00fclt\u00fc-\u00f6nleyici-resim.jpg","type":"image\/jpeg"}],"twitter_card":"summary_large_image","twitter_misc":{"Tahmini okuma s\u00fcresi":"1 dakika"},"schema":{"@context":"https:\/\/schema.org","@graph":[{"@type":"WebPage","@id":"https:\/\/herdeks.com.tr\/magaza\/urun\/gurultu-onleyici-bant\/","url":"https:\/\/herdeks.com.tr\/magaza\/urun\/gurultu-onleyici-bant\/","name":"G\u00fcr\u00fclt\u00fc \u00d6nleyici Bant - Herdeks Magaza","isPartOf":{"@id":"https:\/\/herdeks.com.tr\/magaza\/#website"},"primaryImageOfPage":{"@id":"https:\/\/herdeks.com.tr\/magaza\/urun\/gurultu-onleyici-bant\/#primaryimage"},"image":{"@id":"https:\/\/herdeks.com.tr\/magaza\/urun\/gurultu-onleyici-bant\/#primaryimage"},"thumbnailUrl":"https:\/\/herdeks.com.tr\/magaza\/wp-content\/uploads\/2018\/07\/g\u00fcr\u00fclt\u00fc-\u00f6nleyici-resim.jpg","datePublished":"2018-07-02T13:10:12+00:00","dateModified":"2025-06-26T19:42:17+00:00","breadcrumb":{"@id":"https:\/\/herdeks.com.tr\/magaza\/urun\/gurultu-onleyici-bant\/#breadcrumb"},"inLanguage":"tr","potentialAction":[{"@type":"ReadAction","target":["https:\/\/herdeks.com.tr\/magaza\/urun\/gurultu-onleyici-bant\/"]}]},{"@type":"ImageObject","inLanguage":"tr","@id":"https:\/\/herdeks.com.tr\/magaza\/urun\/gurultu-onleyici-bant\/#primaryimage","url":"https:\/\/herdeks.com.tr\/magaza\/wp-content\/uploads\/2018\/07\/g\u00fcr\u00fclt\u00fc-\u00f6nleyici-resim.jpg","contentUrl":"https:\/\/herdeks.com.tr\/magaza\/wp-content\/uploads\/2018\/07\/g\u00fcr\u00fclt\u00fc-\u00f6nleyici-resim.jpg","width":1076,"height":1200},{"@type":"BreadcrumbList","@id":"https:\/\/herdeks.com.tr\/magaza\/urun\/gurultu-onleyici-bant\/#breadcrumb","itemListElement":[{"@type":"ListItem","position":1,"name":"Ana sayfa","item":"https:\/\/herdeks.com.tr\/magaza\/"},{"@type":"ListItem","position":2,"name":"Ma\u011faza","item":"https:\/\/herdeks.com.tr\/magaza\/"},{"@type":"ListItem","position":3,"name":"G\u00fcr\u00fclt\u00fc \u00d6nleyici Bant"}]},{"@type":"WebSite","@id":"https:\/\/herdeks.com.tr\/magaza\/#website","url":"https:\/\/herdeks.com.tr\/magaza\/","name":"Herdeks Magaza","description":"Sa\u011fl\u0131kl\u0131 Ya\u015fam \u00dcr\u00fcnleri","publisher":{"@id":"https:\/\/herdeks.com.tr\/magaza\/#organization"},"potentialAction":[{"@type":"SearchAction","target":{"@type":"EntryPoint","urlTemplate":"https:\/\/herdeks.com.tr\/magaza\/?s={search_term_string}"},"query-input":{"@type":"PropertyValueSpecification","valueRequired":true,"valueName":"search_term_string"}}],"inLanguage":"tr"},{"@type":"Organization","@id":"https:\/\/herdeks.com.tr\/magaza\/#organization","name":"Herdeks Magaza","url":"https:\/\/herdeks.com.tr\/magaza\/","logo":{"@type":"ImageObject","inLanguage":"tr","@id":"https:\/\/herdeks.com.tr\/magaza\/#\/schema\/logo\/image\/","url":"https:\/\/herdeks.com.tr\/magaza\/wp-content\/uploads\/2017\/05\/Herdeks-Logo-2.png","contentUrl":"https:\/\/herdeks.com.tr\/magaza\/wp-content\/uploads\/2017\/05\/Herdeks-Logo-2.png","width":270,"height":72,"caption":"Herdeks Magaza"},"image":{"@id":"https:\/\/herdeks.com.tr\/magaza\/#\/schema\/logo\/image\/"}}]}},"_links":{"self":[{"href":"https:\/\/herdeks.com.tr\/magaza\/wp-json\/wp\/v2\/product\/827","targetHints":{"allow":["GET"]}}],"collection":[{"href":"https:\/\/herdeks.com.tr\/magaza\/wp-json\/wp\/v2\/product"}],"about":[{"href":"https:\/\/herdeks.com.tr\/magaza\/wp-json\/wp\/v2\/types\/product"}],"replies":[{"embeddable":true,"href":"https:\/\/herdeks.com.tr\/magaza\/wp-json\/wp\/v2\/comments?post=827"}],"wp:featuredmedia":[{"embeddable":true,"href":"https:\/\/herdeks.com.tr\/magaza\/wp-json\/wp\/v2\/media\/1129"}],"wp:attachment":[{"href":"https:\/\/herdeks.com.tr\/magaza\/wp-json\/wp\/v2\/media?parent=827"}],"curies":[{"name":"wp","href":"https:\/\/api.w.org\/{rel}","templated":true}]}}