{"id":820,"date":"2018-07-02T15:44:11","date_gmt":"2018-07-02T12:44:11","guid":{"rendered":"http:\/\/herdeks.com.tr\/magaza\/?post_type=product&#038;p=820"},"modified":"2026-01-28T14:50:51","modified_gmt":"2026-01-28T11:50:51","slug":"kepce-kulak-ameliyat-bandi","status":"publish","type":"product","link":"https:\/\/herdeks.com.tr\/magaza\/urun\/kepce-kulak-ameliyat-bandi\/","title":{"rendered":"Kep\u00e7e Kulak Ameliyat Band\u0131"},"content":{"rendered":"<p>Kep\u00e7e kulak ameliyatlar\u0131ndan sonra ameliyatl\u0131 b\u00f6lgeyi d\u0131\u015f etkilerden korumaya yard\u0131mc\u0131 olan kep\u00e7e kulak ameliyat band\u0131 uygun geometrik \u015fekillerde makinelerde ve preslerde kesilen esnek yap\u0131daki bir g\u00f6vde her iki kep\u00e7e \u00fczerinde bulunan kesiklerin diki\u015f iplikleri ile birle\u015ftirilmesi sonucu olu\u015fan kulak cebi bulunan, sabitlemeyi sa\u011flayan k\u0131sa kollardan meydana gelmektedir.<\/p>\n<p>\u0130ki y\u00fczeyinde bej renkte (ten rengi) jarse bulunan esnek yap\u0131daki neoplenden imal edilmektedir.<\/p>\n<p>\u00dczerinde bulunan velcrolar sayesinde istenildi\u011fi zaman \u00e7\u0131kart\u0131l\u0131p, istenildi\u011fi zaman tak\u0131labilmektedir. B\u00f6ylece uzun s\u00fcreli tedavilerde rahatl\u0131kla kullan\u0131labilmektedir.<\/p>\n<p>Tek bir tedavi s\u00fcrecine bir \u00fcr\u00fcn yeterlidir.<\/p>\n<p><strong>NASIL KULLANILIR<br \/>\n<\/strong>Ameliyatl\u0131 b\u00f6lgelere pansuman yap\u0131ld\u0131ktan sonra yara \u00fczerine gazl\u0131 bez konularak band\u0131n d\u00fcz orta k\u0131sm\u0131 \u00fcst tarafa gelecek \u015fekilde aln\u0131n tam orta k\u0131sm\u0131na gelecek \u015fekilde konur ve her iki elle bombeli k\u0131s\u0131m kep\u00e7elere gelecek \u015fekilde kapat\u0131larak di\u015fi ve erkek vekra ensede \u00fcst \u00fcste konarak \u00fczerine s\u0131k\u0131ca bast\u0131r\u0131larak birle\u015ftirilir. Hasta gereken s\u0131k\u0131l\u0131\u011f\u0131 (bas\u0131nc\u0131) ayarlamakta sorun ya\u015famaz. \u00d6zel dizayn\u0131 ile uyguland\u0131\u011f\u0131 b\u00f6lgede istenildi\u011fi kadar bas\u0131n\u00e7 sa\u011flanabilir. \u0130ki boy \u00fcretilmektedir kafa ve kep\u00e7e b\u00fcy\u00fcklug\u00fcne g\u00f6re ( M ) \u2013 ( L )<\/p>\n<p>\u00c7OCUK-B\u00dcY\u00dcK ler i\u00e7in \u00fcretilmi\u015ftir. \u0130ki, \u00fc\u00e7 g\u00fcn kullan\u0131l\u0131r. Kirlendi\u011finde de\u015ftirilir. Bir ba\u015fka hastaya kullan\u0131lamaz.<\/p>\n<p><strong>AMBALAJ:<\/strong>\u00a0Jel\u00e2tinli siteril edilebilir po\u015fette.<\/p>\n","protected":false},"excerpt":{"rendered":"<p>\u0130ki y\u00fczeyinde bej renkte (ten rengi) jarse bulunan esnek yap\u0131daki neoplenden imal edilmektedir. Erkek velcra, Di\u015fi velcra, Diki\u015fli boyun b\u00f6lgesi, k\u0131sa kol ve iki par\u00e7al\u0131 uzun koldan meydana gelmi\u015ftir. Parotis ameliyatlar\u0131ndan sonra ameliyatl\u0131 b\u00f6lgeyi d\u0131\u015f etkilerden korumaya yard\u0131mc\u0131 olur. Doktor, hem\u015fire gereken s\u0131k\u0131l\u0131\u011f\u0131 (bas\u0131nc\u0131) ayarlamakta sorun ya\u015famaz. \u00d6zel dizayn\u0131 ile uyguland\u0131\u011f\u0131 b\u00f6lgede kayma olmaz \u00e7\u00fcnk\u00fc uzun kol ba\u015fta iki par\u00e7aya ayr\u0131l\u0131r buda hastaya rahatl\u0131k saglar. \u00dczerinde bulunan velcrolar sayesinde istenildi\u011fi zaman \u00e7\u0131kart\u0131l\u0131p, pansuman yap\u0131l\u0131p istenildi\u011fi zaman tak\u0131labilmektedir B\u00f6ylece uzun s\u00fcreli tedavilerde rahatl\u0131kla kullan\u0131labilmektedir. Tek bir tedavi s\u00fcrecine bir \u00fcr\u00fcn yeterlidir. \u0130ki tarafa \u00e7evrilerek sa\u011f ve sol i\u00e7in band\u0131n iki y\u00fcz\u00fcle kullan\u0131labilir. Uygun geometrik \u015fekillerde makinelerde ve preslerde kesilen esnek yap\u0131daki bir g\u00f6vde \u00fczerinde bulunan kesiklerin diki\u015f iplikleri ile birle\u015ftirilmesi sonucu olu\u015fan bombesi bulunan, sabitlemeyi sa\u011flayan uzun ve k\u0131sa kollardan meydana gelmi\u015ftir. <strong>NASIL KULLANILIR?<\/strong> Ameliyatl\u0131 b\u00f6lgeye pansuman yap\u0131ld\u0131ktan sonra yara \u00fczerine gazl\u0131 bez konularak diki\u015fli bombeli k\u0131s\u0131m yara \u00fczerine getirilir k\u0131sa kol boynun alt\u0131ndan ge\u00e7irilirek yanakta tutulur ve uzunkol kafa \u00fczerinden doland\u0131r\u0131l\u0131rken ikiye ay\u0131r\u0131p a\u015fag\u0131dan gelen k\u0131sa kolla uzun kol vekralar\u0131 \u00fcst \u00fcste konarak \u00fczerine s\u0131k\u0131ca bas\u0131larak birle\u015ftirilir. \u0130ki tarafa \u00e7evrilerek SAG ve SOL parotis i\u00e7in band\u0131n iki y\u00fcz\u00fc de kullan\u0131labilmektedir. kafa b\u00fcy\u00fckl\u00fc\u011f\u00fcne g\u00f6re \u00fcretilmi\u015ftir. Kirlendi\u011finde de\u015ftirilir. Bir ba\u015fka hastaya kullan\u0131lamaz. <strong>Ambalaj:<\/strong>\u00a0Jel\u00e2tinli siteril edilebilir po\u015fet<\/p>\n","protected":false},"featured_media":821,"comment_status":"open","ping_status":"closed","template":"","meta":[],"class_list":["post-820","product","type-product","status-publish","has-post-thumbnail","hentry","product_cat-saglikli-yasam-urunleri"],"yoast_head":"<!-- This site is optimized with the Yoast SEO plugin v25.3.1 - https:\/\/yoast.com\/wordpress\/plugins\/seo\/ -->\n<title>Kep\u00e7e Kulak Ameliyat Band\u0131 - Herdeks Magaza<\/title>\n<meta name=\"robots\" content=\"index, follow, max-snippet:-1, max-image-preview:large, max-video-preview:-1\" \/>\n<link rel=\"canonical\" href=\"https:\/\/herdeks.com.tr\/magaza\/urun\/kepce-kulak-ameliyat-bandi\/\" \/>\n<meta property=\"og:locale\" content=\"tr_TR\" \/>\n<meta property=\"og:type\" content=\"article\" \/>\n<meta property=\"og:title\" content=\"Kep\u00e7e Kulak Ameliyat Band\u0131 - Herdeks Magaza\" \/>\n<meta property=\"og:description\" content=\"\u0130ki y\u00fczeyinde bej renkte (ten rengi) jarse bulunan esnek yap\u0131daki neoplenden imal edilmektedir. Erkek velcra, Di\u015fi velcra, Diki\u015fli boyun b\u00f6lgesi, k\u0131sa kol ve iki par\u00e7al\u0131 uzun koldan meydana gelmi\u015ftir. Parotis ameliyatlar\u0131ndan sonra ameliyatl\u0131 b\u00f6lgeyi d\u0131\u015f etkilerden korumaya yard\u0131mc\u0131 olur. Doktor, hem\u015fire gereken s\u0131k\u0131l\u0131\u011f\u0131 (bas\u0131nc\u0131) ayarlamakta sorun ya\u015famaz. \u00d6zel dizayn\u0131 ile uyguland\u0131\u011f\u0131 b\u00f6lgede kayma olmaz \u00e7\u00fcnk\u00fc uzun kol ba\u015fta iki par\u00e7aya ayr\u0131l\u0131r buda hastaya rahatl\u0131k saglar. \u00dczerinde bulunan velcrolar sayesinde istenildi\u011fi zaman \u00e7\u0131kart\u0131l\u0131p, pansuman yap\u0131l\u0131p istenildi\u011fi zaman tak\u0131labilmektedir B\u00f6ylece uzun s\u00fcreli tedavilerde rahatl\u0131kla kullan\u0131labilmektedir. Tek bir tedavi s\u00fcrecine bir \u00fcr\u00fcn yeterlidir. \u0130ki tarafa \u00e7evrilerek sa\u011f ve sol i\u00e7in band\u0131n iki y\u00fcz\u00fcle kullan\u0131labilir. Uygun geometrik \u015fekillerde makinelerde ve preslerde kesilen esnek yap\u0131daki bir g\u00f6vde \u00fczerinde bulunan kesiklerin diki\u015f iplikleri ile birle\u015ftirilmesi sonucu olu\u015fan bombesi bulunan, sabitlemeyi sa\u011flayan uzun ve k\u0131sa kollardan meydana gelmi\u015ftir. NASIL KULLANILIR? Ameliyatl\u0131 b\u00f6lgeye pansuman yap\u0131ld\u0131ktan sonra yara \u00fczerine gazl\u0131 bez konularak diki\u015fli bombeli k\u0131s\u0131m yara \u00fczerine getirilir k\u0131sa kol boynun alt\u0131ndan ge\u00e7irilirek yanakta tutulur ve uzunkol kafa \u00fczerinden doland\u0131r\u0131l\u0131rken ikiye ay\u0131r\u0131p a\u015fag\u0131dan gelen k\u0131sa kolla uzun kol vekralar\u0131 \u00fcst \u00fcste konarak \u00fczerine s\u0131k\u0131ca bas\u0131larak birle\u015ftirilir. \u0130ki tarafa \u00e7evrilerek SAG ve SOL parotis i\u00e7in band\u0131n iki y\u00fcz\u00fc de kullan\u0131labilmektedir. kafa b\u00fcy\u00fckl\u00fc\u011f\u00fcne g\u00f6re \u00fcretilmi\u015ftir. Kirlendi\u011finde de\u015ftirilir. Bir ba\u015fka hastaya kullan\u0131lamaz. Ambalaj:\u00a0Jel\u00e2tinli siteril edilebilir po\u015fet\" \/>\n<meta property=\"og:url\" content=\"https:\/\/herdeks.com.tr\/magaza\/urun\/kepce-kulak-ameliyat-bandi\/\" \/>\n<meta property=\"og:site_name\" content=\"Herdeks Magaza\" \/>\n<meta property=\"article:modified_time\" content=\"2026-01-28T11:50:51+00:00\" \/>\n<meta property=\"og:image\" content=\"https:\/\/herdeks.com.tr\/magaza\/wp-content\/uploads\/2018\/07\/Kep\u00e7e-kulak-yan.jpg\" \/>\n\t<meta property=\"og:image:width\" content=\"2000\" \/>\n\t<meta property=\"og:image:height\" content=\"3008\" \/>\n\t<meta property=\"og:image:type\" content=\"image\/jpeg\" \/>\n<meta name=\"twitter:card\" content=\"summary_large_image\" \/>\n<meta name=\"twitter:label1\" content=\"Tahmini okuma s\u00fcresi\" \/>\n\t<meta name=\"twitter:data1\" content=\"2 dakika\" \/>\n<script type=\"application\/ld+json\" class=\"yoast-schema-graph\">{\"@context\":\"https:\/\/schema.org\",\"@graph\":[{\"@type\":\"WebPage\",\"@id\":\"https:\/\/herdeks.com.tr\/magaza\/urun\/kepce-kulak-ameliyat-bandi\/\",\"url\":\"https:\/\/herdeks.com.tr\/magaza\/urun\/kepce-kulak-ameliyat-bandi\/\",\"name\":\"Kep\u00e7e Kulak Ameliyat Band\u0131 - Herdeks Magaza\",\"isPartOf\":{\"@id\":\"https:\/\/herdeks.com.tr\/magaza\/#website\"},\"primaryImageOfPage\":{\"@id\":\"https:\/\/herdeks.com.tr\/magaza\/urun\/kepce-kulak-ameliyat-bandi\/#primaryimage\"},\"image\":{\"@id\":\"https:\/\/herdeks.com.tr\/magaza\/urun\/kepce-kulak-ameliyat-bandi\/#primaryimage\"},\"thumbnailUrl\":\"https:\/\/herdeks.com.tr\/magaza\/wp-content\/uploads\/2018\/07\/Kep\u00e7e-kulak-yan.jpg\",\"datePublished\":\"2018-07-02T12:44:11+00:00\",\"dateModified\":\"2026-01-28T11:50:51+00:00\",\"breadcrumb\":{\"@id\":\"https:\/\/herdeks.com.tr\/magaza\/urun\/kepce-kulak-ameliyat-bandi\/#breadcrumb\"},\"inLanguage\":\"tr\",\"potentialAction\":[{\"@type\":\"ReadAction\",\"target\":[\"https:\/\/herdeks.com.tr\/magaza\/urun\/kepce-kulak-ameliyat-bandi\/\"]}]},{\"@type\":\"ImageObject\",\"inLanguage\":\"tr\",\"@id\":\"https:\/\/herdeks.com.tr\/magaza\/urun\/kepce-kulak-ameliyat-bandi\/#primaryimage\",\"url\":\"https:\/\/herdeks.com.tr\/magaza\/wp-content\/uploads\/2018\/07\/Kep\u00e7e-kulak-yan.jpg\",\"contentUrl\":\"https:\/\/herdeks.com.tr\/magaza\/wp-content\/uploads\/2018\/07\/Kep\u00e7e-kulak-yan.jpg\",\"width\":2000,\"height\":3008},{\"@type\":\"BreadcrumbList\",\"@id\":\"https:\/\/herdeks.com.tr\/magaza\/urun\/kepce-kulak-ameliyat-bandi\/#breadcrumb\",\"itemListElement\":[{\"@type\":\"ListItem\",\"position\":1,\"name\":\"Ana sayfa\",\"item\":\"https:\/\/herdeks.com.tr\/magaza\/\"},{\"@type\":\"ListItem\",\"position\":2,\"name\":\"Ma\u011faza\",\"item\":\"https:\/\/herdeks.com.tr\/magaza\/\"},{\"@type\":\"ListItem\",\"position\":3,\"name\":\"Kep\u00e7e Kulak Ameliyat Band\u0131\"}]},{\"@type\":\"WebSite\",\"@id\":\"https:\/\/herdeks.com.tr\/magaza\/#website\",\"url\":\"https:\/\/herdeks.com.tr\/magaza\/\",\"name\":\"Herdeks Magaza\",\"description\":\"Sa\u011fl\u0131kl\u0131 Ya\u015fam \u00dcr\u00fcnleri\",\"publisher\":{\"@id\":\"https:\/\/herdeks.com.tr\/magaza\/#organization\"},\"potentialAction\":[{\"@type\":\"SearchAction\",\"target\":{\"@type\":\"EntryPoint\",\"urlTemplate\":\"https:\/\/herdeks.com.tr\/magaza\/?s={search_term_string}\"},\"query-input\":{\"@type\":\"PropertyValueSpecification\",\"valueRequired\":true,\"valueName\":\"search_term_string\"}}],\"inLanguage\":\"tr\"},{\"@type\":\"Organization\",\"@id\":\"https:\/\/herdeks.com.tr\/magaza\/#organization\",\"name\":\"Herdeks Magaza\",\"url\":\"https:\/\/herdeks.com.tr\/magaza\/\",\"logo\":{\"@type\":\"ImageObject\",\"inLanguage\":\"tr\",\"@id\":\"https:\/\/herdeks.com.tr\/magaza\/#\/schema\/logo\/image\/\",\"url\":\"https:\/\/herdeks.com.tr\/magaza\/wp-content\/uploads\/2017\/05\/Herdeks-Logo-2.png\",\"contentUrl\":\"https:\/\/herdeks.com.tr\/magaza\/wp-content\/uploads\/2017\/05\/Herdeks-Logo-2.png\",\"width\":270,\"height\":72,\"caption\":\"Herdeks Magaza\"},\"image\":{\"@id\":\"https:\/\/herdeks.com.tr\/magaza\/#\/schema\/logo\/image\/\"}}]}<\/script>\n<!-- \/ Yoast SEO plugin. -->","yoast_head_json":{"title":"Kep\u00e7e Kulak Ameliyat Band\u0131 - Herdeks Magaza","robots":{"index":"index","follow":"follow","max-snippet":"max-snippet:-1","max-image-preview":"max-image-preview:large","max-video-preview":"max-video-preview:-1"},"canonical":"https:\/\/herdeks.com.tr\/magaza\/urun\/kepce-kulak-ameliyat-bandi\/","og_locale":"tr_TR","og_type":"article","og_title":"Kep\u00e7e Kulak Ameliyat Band\u0131 - Herdeks Magaza","og_description":"\u0130ki y\u00fczeyinde bej renkte (ten rengi) jarse bulunan esnek yap\u0131daki neoplenden imal edilmektedir. Erkek velcra, Di\u015fi velcra, Diki\u015fli boyun b\u00f6lgesi, k\u0131sa kol ve iki par\u00e7al\u0131 uzun koldan meydana gelmi\u015ftir. Parotis ameliyatlar\u0131ndan sonra ameliyatl\u0131 b\u00f6lgeyi d\u0131\u015f etkilerden korumaya yard\u0131mc\u0131 olur. Doktor, hem\u015fire gereken s\u0131k\u0131l\u0131\u011f\u0131 (bas\u0131nc\u0131) ayarlamakta sorun ya\u015famaz. \u00d6zel dizayn\u0131 ile uyguland\u0131\u011f\u0131 b\u00f6lgede kayma olmaz \u00e7\u00fcnk\u00fc uzun kol ba\u015fta iki par\u00e7aya ayr\u0131l\u0131r buda hastaya rahatl\u0131k saglar. \u00dczerinde bulunan velcrolar sayesinde istenildi\u011fi zaman \u00e7\u0131kart\u0131l\u0131p, pansuman yap\u0131l\u0131p istenildi\u011fi zaman tak\u0131labilmektedir B\u00f6ylece uzun s\u00fcreli tedavilerde rahatl\u0131kla kullan\u0131labilmektedir. Tek bir tedavi s\u00fcrecine bir \u00fcr\u00fcn yeterlidir. \u0130ki tarafa \u00e7evrilerek sa\u011f ve sol i\u00e7in band\u0131n iki y\u00fcz\u00fcle kullan\u0131labilir. Uygun geometrik \u015fekillerde makinelerde ve preslerde kesilen esnek yap\u0131daki bir g\u00f6vde \u00fczerinde bulunan kesiklerin diki\u015f iplikleri ile birle\u015ftirilmesi sonucu olu\u015fan bombesi bulunan, sabitlemeyi sa\u011flayan uzun ve k\u0131sa kollardan meydana gelmi\u015ftir. NASIL KULLANILIR? Ameliyatl\u0131 b\u00f6lgeye pansuman yap\u0131ld\u0131ktan sonra yara \u00fczerine gazl\u0131 bez konularak diki\u015fli bombeli k\u0131s\u0131m yara \u00fczerine getirilir k\u0131sa kol boynun alt\u0131ndan ge\u00e7irilirek yanakta tutulur ve uzunkol kafa \u00fczerinden doland\u0131r\u0131l\u0131rken ikiye ay\u0131r\u0131p a\u015fag\u0131dan gelen k\u0131sa kolla uzun kol vekralar\u0131 \u00fcst \u00fcste konarak \u00fczerine s\u0131k\u0131ca bas\u0131larak birle\u015ftirilir. \u0130ki tarafa \u00e7evrilerek SAG ve SOL parotis i\u00e7in band\u0131n iki y\u00fcz\u00fc de kullan\u0131labilmektedir. kafa b\u00fcy\u00fckl\u00fc\u011f\u00fcne g\u00f6re \u00fcretilmi\u015ftir. Kirlendi\u011finde de\u015ftirilir. Bir ba\u015fka hastaya kullan\u0131lamaz. Ambalaj:\u00a0Jel\u00e2tinli siteril edilebilir po\u015fet","og_url":"https:\/\/herdeks.com.tr\/magaza\/urun\/kepce-kulak-ameliyat-bandi\/","og_site_name":"Herdeks Magaza","article_modified_time":"2026-01-28T11:50:51+00:00","og_image":[{"width":2000,"height":3008,"url":"https:\/\/herdeks.com.tr\/magaza\/wp-content\/uploads\/2018\/07\/Kep\u00e7e-kulak-yan.jpg","type":"image\/jpeg"}],"twitter_card":"summary_large_image","twitter_misc":{"Tahmini okuma s\u00fcresi":"2 dakika"},"schema":{"@context":"https:\/\/schema.org","@graph":[{"@type":"WebPage","@id":"https:\/\/herdeks.com.tr\/magaza\/urun\/kepce-kulak-ameliyat-bandi\/","url":"https:\/\/herdeks.com.tr\/magaza\/urun\/kepce-kulak-ameliyat-bandi\/","name":"Kep\u00e7e Kulak Ameliyat Band\u0131 - Herdeks Magaza","isPartOf":{"@id":"https:\/\/herdeks.com.tr\/magaza\/#website"},"primaryImageOfPage":{"@id":"https:\/\/herdeks.com.tr\/magaza\/urun\/kepce-kulak-ameliyat-bandi\/#primaryimage"},"image":{"@id":"https:\/\/herdeks.com.tr\/magaza\/urun\/kepce-kulak-ameliyat-bandi\/#primaryimage"},"thumbnailUrl":"https:\/\/herdeks.com.tr\/magaza\/wp-content\/uploads\/2018\/07\/Kep\u00e7e-kulak-yan.jpg","datePublished":"2018-07-02T12:44:11+00:00","dateModified":"2026-01-28T11:50:51+00:00","breadcrumb":{"@id":"https:\/\/herdeks.com.tr\/magaza\/urun\/kepce-kulak-ameliyat-bandi\/#breadcrumb"},"inLanguage":"tr","potentialAction":[{"@type":"ReadAction","target":["https:\/\/herdeks.com.tr\/magaza\/urun\/kepce-kulak-ameliyat-bandi\/"]}]},{"@type":"ImageObject","inLanguage":"tr","@id":"https:\/\/herdeks.com.tr\/magaza\/urun\/kepce-kulak-ameliyat-bandi\/#primaryimage","url":"https:\/\/herdeks.com.tr\/magaza\/wp-content\/uploads\/2018\/07\/Kep\u00e7e-kulak-yan.jpg","contentUrl":"https:\/\/herdeks.com.tr\/magaza\/wp-content\/uploads\/2018\/07\/Kep\u00e7e-kulak-yan.jpg","width":2000,"height":3008},{"@type":"BreadcrumbList","@id":"https:\/\/herdeks.com.tr\/magaza\/urun\/kepce-kulak-ameliyat-bandi\/#breadcrumb","itemListElement":[{"@type":"ListItem","position":1,"name":"Ana sayfa","item":"https:\/\/herdeks.com.tr\/magaza\/"},{"@type":"ListItem","position":2,"name":"Ma\u011faza","item":"https:\/\/herdeks.com.tr\/magaza\/"},{"@type":"ListItem","position":3,"name":"Kep\u00e7e Kulak Ameliyat Band\u0131"}]},{"@type":"WebSite","@id":"https:\/\/herdeks.com.tr\/magaza\/#website","url":"https:\/\/herdeks.com.tr\/magaza\/","name":"Herdeks Magaza","description":"Sa\u011fl\u0131kl\u0131 Ya\u015fam \u00dcr\u00fcnleri","publisher":{"@id":"https:\/\/herdeks.com.tr\/magaza\/#organization"},"potentialAction":[{"@type":"SearchAction","target":{"@type":"EntryPoint","urlTemplate":"https:\/\/herdeks.com.tr\/magaza\/?s={search_term_string}"},"query-input":{"@type":"PropertyValueSpecification","valueRequired":true,"valueName":"search_term_string"}}],"inLanguage":"tr"},{"@type":"Organization","@id":"https:\/\/herdeks.com.tr\/magaza\/#organization","name":"Herdeks Magaza","url":"https:\/\/herdeks.com.tr\/magaza\/","logo":{"@type":"ImageObject","inLanguage":"tr","@id":"https:\/\/herdeks.com.tr\/magaza\/#\/schema\/logo\/image\/","url":"https:\/\/herdeks.com.tr\/magaza\/wp-content\/uploads\/2017\/05\/Herdeks-Logo-2.png","contentUrl":"https:\/\/herdeks.com.tr\/magaza\/wp-content\/uploads\/2017\/05\/Herdeks-Logo-2.png","width":270,"height":72,"caption":"Herdeks Magaza"},"image":{"@id":"https:\/\/herdeks.com.tr\/magaza\/#\/schema\/logo\/image\/"}}]}},"_links":{"self":[{"href":"https:\/\/herdeks.com.tr\/magaza\/wp-json\/wp\/v2\/product\/820","targetHints":{"allow":["GET"]}}],"collection":[{"href":"https:\/\/herdeks.com.tr\/magaza\/wp-json\/wp\/v2\/product"}],"about":[{"href":"https:\/\/herdeks.com.tr\/magaza\/wp-json\/wp\/v2\/types\/product"}],"replies":[{"embeddable":true,"href":"https:\/\/herdeks.com.tr\/magaza\/wp-json\/wp\/v2\/comments?post=820"}],"wp:featuredmedia":[{"embeddable":true,"href":"https:\/\/herdeks.com.tr\/magaza\/wp-json\/wp\/v2\/media\/821"}],"wp:attachment":[{"href":"https:\/\/herdeks.com.tr\/magaza\/wp-json\/wp\/v2\/media?parent=820"}],"curies":[{"name":"wp","href":"https:\/\/api.w.org\/{rel}","templated":true}]}}