{"id":66,"date":"2017-05-12T17:08:31","date_gmt":"2017-05-12T14:08:31","guid":{"rendered":"http:\/\/herdeks.com.tr\/magaza\/?post_type=product&#038;p=66"},"modified":"2025-06-26T22:39:38","modified_gmt":"2025-06-26T19:39:38","slug":"kulak-koruyucu-su-bandi","status":"publish","type":"product","link":"https:\/\/herdeks.com.tr\/magaza\/urun\/kulak-koruyucu-su-bandi\/","title":{"rendered":"Kulak Koruyucu Su Band\u0131"},"content":{"rendered":"<p>Orta ve i\u00e7 kulak koruyucusu olarak (y\u00fczme ve banyo i\u00e7in) tasarlanm\u0131\u015ft\u0131r. T\u00fcp tak\u0131lan hastalar i\u00e7in ideal bir koruyucudur. Havuz ve deniz suyu yoluyla olu\u015fabilecek her t\u00fcrl\u00fc mantar, egzama yahut d\u0131\u015f kulak yolu iltihab\u0131 gibi durumlara kar\u015f\u0131 kula\u011f\u0131 korur.<\/p>\n<ul>\n<li>\u0130ki y\u00fczeyinde renkli jarse olan esnek neoplenden imal edilmektedir.<\/li>\n<li>Kula\u011f\u0131 silikonlar ve band\u0131n birlikte kullan\u0131lmas\u0131 sayesinde sudan korur.<\/li>\n<li>Alerji yapmayan plastik kutuda iki adet yuvarlak silikon ile birlikte gelir<\/li>\n<\/ul>\n","protected":false},"excerpt":{"rendered":"<ul>\n<li><strong>HAVUZDA<\/strong><\/li>\n<li><strong>DEN\u0130ZDE<\/strong><\/li>\n<li><strong><strong>BANYODA<\/strong><\/strong><\/li>\n<\/ul>\n<p style=\"text-align: center;\">\u0130HT\u0130YA\u00c7 OLAN HERYERDE G\u00dcVENL\u0130 VE RAHAT KULLANIM <strong>Sa\u011fl\u0131k Bakanl\u0131\u011f\u0131 Onayl\u0131 <\/strong><\/p>\n<p>Small: 1 \u2013 4 ya\u015f Medium: \u00a05 \u2013 10 ya\u015f Large: 11\u00a0ya\u015f ve \u00fcst\u00fc<\/p>\n","protected":false},"featured_media":1078,"comment_status":"closed","ping_status":"closed","template":"","meta":[],"class_list":["post-66","product","type-product","status-publish","has-post-thumbnail","hentry","product_cat-saglikli-yasam-urunleri","pa_boy-large","pa_boy-medium","pa_boy-small","pa_renk-turuncu","pa_renk-yesil-fosforlu","pa_renk-bej","pa_renk-kirmizi","pa_renk-mavi","pa_renk-siyah"],"yoast_head":"<!-- This site is optimized with the Yoast SEO plugin v25.3.1 - https:\/\/yoast.com\/wordpress\/plugins\/seo\/ -->\n<title>Kulak Koruyucu Su Band\u0131 - Herdeks Magaza<\/title>\n<meta name=\"robots\" content=\"index, follow, max-snippet:-1, max-image-preview:large, max-video-preview:-1\" \/>\n<link rel=\"canonical\" href=\"https:\/\/herdeks.com.tr\/magaza\/urun\/kulak-koruyucu-su-bandi\/\" \/>\n<meta property=\"og:locale\" content=\"tr_TR\" \/>\n<meta property=\"og:type\" content=\"article\" \/>\n<meta property=\"og:title\" content=\"Kulak Koruyucu Su Band\u0131 - Herdeks Magaza\" \/>\n<meta property=\"og:description\" content=\"HAVUZDA  DEN\u0130ZDE  BANYODA  \u0130HT\u0130YA\u00c7 OLAN HERYERDE G\u00dcVENL\u0130 VE RAHAT KULLANIM Sa\u011fl\u0131k Bakanl\u0131\u011f\u0131 Onayl\u0131  Small: 1 \u2013 4 ya\u015f Medium: \u00a05 \u2013 10 ya\u015f Large: 11\u00a0ya\u015f ve \u00fcst\u00fc\" \/>\n<meta property=\"og:url\" content=\"https:\/\/herdeks.com.tr\/magaza\/urun\/kulak-koruyucu-su-bandi\/\" \/>\n<meta property=\"og:site_name\" content=\"Herdeks Magaza\" \/>\n<meta property=\"article:modified_time\" content=\"2025-06-26T19:39:38+00:00\" \/>\n<meta property=\"og:image\" content=\"https:\/\/herdeks.com.tr\/magaza\/wp-content\/uploads\/2017\/05\/Herdeks-Kutu-\u00f6n-02.jpg\" \/>\n\t<meta property=\"og:image:width\" content=\"1181\" \/>\n\t<meta property=\"og:image:height\" content=\"1890\" \/>\n\t<meta property=\"og:image:type\" content=\"image\/jpeg\" \/>\n<meta name=\"twitter:card\" content=\"summary_large_image\" \/>\n<meta name=\"twitter:label1\" content=\"Tahmini okuma s\u00fcresi\" \/>\n\t<meta name=\"twitter:data1\" content=\"1 dakika\" \/>\n<script type=\"application\/ld+json\" class=\"yoast-schema-graph\">{\"@context\":\"https:\/\/schema.org\",\"@graph\":[{\"@type\":\"WebPage\",\"@id\":\"https:\/\/herdeks.com.tr\/magaza\/urun\/kulak-koruyucu-su-bandi\/\",\"url\":\"https:\/\/herdeks.com.tr\/magaza\/urun\/kulak-koruyucu-su-bandi\/\",\"name\":\"Kulak Koruyucu Su Band\u0131 - Herdeks Magaza\",\"isPartOf\":{\"@id\":\"https:\/\/herdeks.com.tr\/magaza\/#website\"},\"primaryImageOfPage\":{\"@id\":\"https:\/\/herdeks.com.tr\/magaza\/urun\/kulak-koruyucu-su-bandi\/#primaryimage\"},\"image\":{\"@id\":\"https:\/\/herdeks.com.tr\/magaza\/urun\/kulak-koruyucu-su-bandi\/#primaryimage\"},\"thumbnailUrl\":\"https:\/\/herdeks.com.tr\/magaza\/wp-content\/uploads\/2017\/05\/Herdeks-Kutu-\u00f6n-02.jpg\",\"datePublished\":\"2017-05-12T14:08:31+00:00\",\"dateModified\":\"2025-06-26T19:39:38+00:00\",\"breadcrumb\":{\"@id\":\"https:\/\/herdeks.com.tr\/magaza\/urun\/kulak-koruyucu-su-bandi\/#breadcrumb\"},\"inLanguage\":\"tr\",\"potentialAction\":[{\"@type\":\"ReadAction\",\"target\":[\"https:\/\/herdeks.com.tr\/magaza\/urun\/kulak-koruyucu-su-bandi\/\"]}]},{\"@type\":\"ImageObject\",\"inLanguage\":\"tr\",\"@id\":\"https:\/\/herdeks.com.tr\/magaza\/urun\/kulak-koruyucu-su-bandi\/#primaryimage\",\"url\":\"https:\/\/herdeks.com.tr\/magaza\/wp-content\/uploads\/2017\/05\/Herdeks-Kutu-\u00f6n-02.jpg\",\"contentUrl\":\"https:\/\/herdeks.com.tr\/magaza\/wp-content\/uploads\/2017\/05\/Herdeks-Kutu-\u00f6n-02.jpg\",\"width\":1181,\"height\":1890},{\"@type\":\"BreadcrumbList\",\"@id\":\"https:\/\/herdeks.com.tr\/magaza\/urun\/kulak-koruyucu-su-bandi\/#breadcrumb\",\"itemListElement\":[{\"@type\":\"ListItem\",\"position\":1,\"name\":\"Ana sayfa\",\"item\":\"https:\/\/herdeks.com.tr\/magaza\/\"},{\"@type\":\"ListItem\",\"position\":2,\"name\":\"Ma\u011faza\",\"item\":\"https:\/\/herdeks.com.tr\/magaza\/\"},{\"@type\":\"ListItem\",\"position\":3,\"name\":\"Kulak Koruyucu Su Band\u0131\"}]},{\"@type\":\"WebSite\",\"@id\":\"https:\/\/herdeks.com.tr\/magaza\/#website\",\"url\":\"https:\/\/herdeks.com.tr\/magaza\/\",\"name\":\"Herdeks Magaza\",\"description\":\"Sa\u011fl\u0131kl\u0131 Ya\u015fam \u00dcr\u00fcnleri\",\"publisher\":{\"@id\":\"https:\/\/herdeks.com.tr\/magaza\/#organization\"},\"potentialAction\":[{\"@type\":\"SearchAction\",\"target\":{\"@type\":\"EntryPoint\",\"urlTemplate\":\"https:\/\/herdeks.com.tr\/magaza\/?s={search_term_string}\"},\"query-input\":{\"@type\":\"PropertyValueSpecification\",\"valueRequired\":true,\"valueName\":\"search_term_string\"}}],\"inLanguage\":\"tr\"},{\"@type\":\"Organization\",\"@id\":\"https:\/\/herdeks.com.tr\/magaza\/#organization\",\"name\":\"Herdeks Magaza\",\"url\":\"https:\/\/herdeks.com.tr\/magaza\/\",\"logo\":{\"@type\":\"ImageObject\",\"inLanguage\":\"tr\",\"@id\":\"https:\/\/herdeks.com.tr\/magaza\/#\/schema\/logo\/image\/\",\"url\":\"https:\/\/herdeks.com.tr\/magaza\/wp-content\/uploads\/2017\/05\/Herdeks-Logo-2.png\",\"contentUrl\":\"https:\/\/herdeks.com.tr\/magaza\/wp-content\/uploads\/2017\/05\/Herdeks-Logo-2.png\",\"width\":270,\"height\":72,\"caption\":\"Herdeks Magaza\"},\"image\":{\"@id\":\"https:\/\/herdeks.com.tr\/magaza\/#\/schema\/logo\/image\/\"}}]}<\/script>\n<!-- \/ Yoast SEO plugin. -->","yoast_head_json":{"title":"Kulak Koruyucu Su Band\u0131 - Herdeks Magaza","robots":{"index":"index","follow":"follow","max-snippet":"max-snippet:-1","max-image-preview":"max-image-preview:large","max-video-preview":"max-video-preview:-1"},"canonical":"https:\/\/herdeks.com.tr\/magaza\/urun\/kulak-koruyucu-su-bandi\/","og_locale":"tr_TR","og_type":"article","og_title":"Kulak Koruyucu Su Band\u0131 - Herdeks Magaza","og_description":"HAVUZDA  DEN\u0130ZDE  BANYODA  \u0130HT\u0130YA\u00c7 OLAN HERYERDE G\u00dcVENL\u0130 VE RAHAT KULLANIM Sa\u011fl\u0131k Bakanl\u0131\u011f\u0131 Onayl\u0131  Small: 1 \u2013 4 ya\u015f Medium: \u00a05 \u2013 10 ya\u015f Large: 11\u00a0ya\u015f ve \u00fcst\u00fc","og_url":"https:\/\/herdeks.com.tr\/magaza\/urun\/kulak-koruyucu-su-bandi\/","og_site_name":"Herdeks Magaza","article_modified_time":"2025-06-26T19:39:38+00:00","og_image":[{"width":1181,"height":1890,"url":"https:\/\/herdeks.com.tr\/magaza\/wp-content\/uploads\/2017\/05\/Herdeks-Kutu-\u00f6n-02.jpg","type":"image\/jpeg"}],"twitter_card":"summary_large_image","twitter_misc":{"Tahmini okuma s\u00fcresi":"1 dakika"},"schema":{"@context":"https:\/\/schema.org","@graph":[{"@type":"WebPage","@id":"https:\/\/herdeks.com.tr\/magaza\/urun\/kulak-koruyucu-su-bandi\/","url":"https:\/\/herdeks.com.tr\/magaza\/urun\/kulak-koruyucu-su-bandi\/","name":"Kulak Koruyucu Su Band\u0131 - Herdeks Magaza","isPartOf":{"@id":"https:\/\/herdeks.com.tr\/magaza\/#website"},"primaryImageOfPage":{"@id":"https:\/\/herdeks.com.tr\/magaza\/urun\/kulak-koruyucu-su-bandi\/#primaryimage"},"image":{"@id":"https:\/\/herdeks.com.tr\/magaza\/urun\/kulak-koruyucu-su-bandi\/#primaryimage"},"thumbnailUrl":"https:\/\/herdeks.com.tr\/magaza\/wp-content\/uploads\/2017\/05\/Herdeks-Kutu-\u00f6n-02.jpg","datePublished":"2017-05-12T14:08:31+00:00","dateModified":"2025-06-26T19:39:38+00:00","breadcrumb":{"@id":"https:\/\/herdeks.com.tr\/magaza\/urun\/kulak-koruyucu-su-bandi\/#breadcrumb"},"inLanguage":"tr","potentialAction":[{"@type":"ReadAction","target":["https:\/\/herdeks.com.tr\/magaza\/urun\/kulak-koruyucu-su-bandi\/"]}]},{"@type":"ImageObject","inLanguage":"tr","@id":"https:\/\/herdeks.com.tr\/magaza\/urun\/kulak-koruyucu-su-bandi\/#primaryimage","url":"https:\/\/herdeks.com.tr\/magaza\/wp-content\/uploads\/2017\/05\/Herdeks-Kutu-\u00f6n-02.jpg","contentUrl":"https:\/\/herdeks.com.tr\/magaza\/wp-content\/uploads\/2017\/05\/Herdeks-Kutu-\u00f6n-02.jpg","width":1181,"height":1890},{"@type":"BreadcrumbList","@id":"https:\/\/herdeks.com.tr\/magaza\/urun\/kulak-koruyucu-su-bandi\/#breadcrumb","itemListElement":[{"@type":"ListItem","position":1,"name":"Ana sayfa","item":"https:\/\/herdeks.com.tr\/magaza\/"},{"@type":"ListItem","position":2,"name":"Ma\u011faza","item":"https:\/\/herdeks.com.tr\/magaza\/"},{"@type":"ListItem","position":3,"name":"Kulak Koruyucu Su Band\u0131"}]},{"@type":"WebSite","@id":"https:\/\/herdeks.com.tr\/magaza\/#website","url":"https:\/\/herdeks.com.tr\/magaza\/","name":"Herdeks Magaza","description":"Sa\u011fl\u0131kl\u0131 Ya\u015fam \u00dcr\u00fcnleri","publisher":{"@id":"https:\/\/herdeks.com.tr\/magaza\/#organization"},"potentialAction":[{"@type":"SearchAction","target":{"@type":"EntryPoint","urlTemplate":"https:\/\/herdeks.com.tr\/magaza\/?s={search_term_string}"},"query-input":{"@type":"PropertyValueSpecification","valueRequired":true,"valueName":"search_term_string"}}],"inLanguage":"tr"},{"@type":"Organization","@id":"https:\/\/herdeks.com.tr\/magaza\/#organization","name":"Herdeks Magaza","url":"https:\/\/herdeks.com.tr\/magaza\/","logo":{"@type":"ImageObject","inLanguage":"tr","@id":"https:\/\/herdeks.com.tr\/magaza\/#\/schema\/logo\/image\/","url":"https:\/\/herdeks.com.tr\/magaza\/wp-content\/uploads\/2017\/05\/Herdeks-Logo-2.png","contentUrl":"https:\/\/herdeks.com.tr\/magaza\/wp-content\/uploads\/2017\/05\/Herdeks-Logo-2.png","width":270,"height":72,"caption":"Herdeks Magaza"},"image":{"@id":"https:\/\/herdeks.com.tr\/magaza\/#\/schema\/logo\/image\/"}}]}},"_links":{"self":[{"href":"https:\/\/herdeks.com.tr\/magaza\/wp-json\/wp\/v2\/product\/66","targetHints":{"allow":["GET"]}}],"collection":[{"href":"https:\/\/herdeks.com.tr\/magaza\/wp-json\/wp\/v2\/product"}],"about":[{"href":"https:\/\/herdeks.com.tr\/magaza\/wp-json\/wp\/v2\/types\/product"}],"replies":[{"embeddable":true,"href":"https:\/\/herdeks.com.tr\/magaza\/wp-json\/wp\/v2\/comments?post=66"}],"wp:featuredmedia":[{"embeddable":true,"href":"https:\/\/herdeks.com.tr\/magaza\/wp-json\/wp\/v2\/media\/1078"}],"wp:attachment":[{"href":"https:\/\/herdeks.com.tr\/magaza\/wp-json\/wp\/v2\/media?parent=66"}],"curies":[{"name":"wp","href":"https:\/\/api.w.org\/{rel}","templated":true}]}}