{"id":19045,"date":"2020-03-04T16:29:15","date_gmt":"2020-03-04T13:29:15","guid":{"rendered":"https:\/\/herdeks.com.tr\/magaza\/?page_id=19045"},"modified":"2020-03-04T16:31:18","modified_gmt":"2020-03-04T13:31:18","slug":"alaxo-nasal-stents","status":"publish","type":"page","link":"http:\/\/herdeks.com.tr\/magaza\/alaxo-nasal-stents\/","title":{"rendered":"Alaxo Nasal Stents"},"content":{"rendered":"<div class=\"woocommerce columns-4 \"><ul class=\"products columns-4\">\n<li class=\"product type-product post-19033 status-publish first instock product_cat-alaxo has-post-thumbnail shipping-taxable product-type-simple\">\n\t\t\t\t<input type=\"hidden\" class=\"wpmProductId\" data-id=\"19033\">\n\t\t\t\t\t<script>\n\t\t\t(window.wpmDataLayer = window.wpmDataLayer || {}).products             = window.wpmDataLayer.products || {};\n\t\t\twindow.wpmDataLayer.products[19033] = {\"id\":\"19033\",\"sku\":\"\",\"price\":0,\"brand\":\"\",\"quantity\":1,\"dyn_r_ids\":{\"post_id\":\"19033\",\"sku\":19033,\"gpf\":\"woocommerce_gpf_19033\",\"gla\":\"gla_19033\"},\"is_variable\":false,\"type\":\"simple\",\"name\":\"AlaxoLito Nasal Stent AP001\",\"category\":[\"Alaxo\"],\"is_variation\":false};\n\t\t\t\t\twindow.pmw_product_position = window.pmw_product_position || 1;\n\t\twindow.wpmDataLayer.products[19033]['position'] = window.pmw_product_position++;\n\t\t\t\t<\/script>\n\t\t<\/li>\n<li class=\"product type-product post-19034 status-publish instock product_cat-alaxo has-post-thumbnail shipping-taxable product-type-simple\">\n\t\t\t\t<input type=\"hidden\" class=\"wpmProductId\" data-id=\"19034\">\n\t\t\t\t\t<script>\n\t\t\t(window.wpmDataLayer = window.wpmDataLayer || {}).products             = window.wpmDataLayer.products || {};\n\t\t\twindow.wpmDataLayer.products[19034] = {\"id\":\"19034\",\"sku\":\"\",\"price\":0,\"brand\":\"\",\"quantity\":1,\"dyn_r_ids\":{\"post_id\":\"19034\",\"sku\":19034,\"gpf\":\"woocommerce_gpf_19034\",\"gla\":\"gla_19034\"},\"is_variable\":false,\"type\":\"simple\",\"name\":\"AlaxoLito Plus 60 Nasal Stent AP002\",\"category\":[\"Alaxo\"],\"is_variation\":false};\n\t\t\t\t\twindow.pmw_product_position = window.pmw_product_position || 1;\n\t\twindow.wpmDataLayer.products[19034]['position'] = window.pmw_product_position++;\n\t\t\t\t<\/script>\n\t\t<\/li>\n<li class=\"product type-product post-19041 status-publish instock product_cat-alaxo has-post-thumbnail shipping-taxable product-type-simple\">\n\t\t\t\t<input type=\"hidden\" class=\"wpmProductId\" data-id=\"19041\">\n\t\t\t\t\t<script>\n\t\t\t(window.wpmDataLayer = window.wpmDataLayer || {}).products             = window.wpmDataLayer.products || {};\n\t\t\twindow.wpmDataLayer.products[19041] = {\"id\":\"19041\",\"sku\":\"\",\"price\":0,\"brand\":\"\",\"quantity\":1,\"dyn_r_ids\":{\"post_id\":\"19041\",\"sku\":19041,\"gpf\":\"woocommerce_gpf_19041\",\"gla\":\"gla_19041\"},\"is_variable\":false,\"type\":\"simple\",\"name\":\"AlaxoLito Xtreme Nasal Stent AP005\",\"category\":[\"Alaxo\"],\"is_variation\":false};\n\t\t\t\t\twindow.pmw_product_position = window.pmw_product_position || 1;\n\t\twindow.wpmDataLayer.products[19041]['position'] = window.pmw_product_position++;\n\t\t\t\t<\/script>\n\t\t<\/li>\n<li class=\"product type-product post-19043 status-publish last instock product_cat-alaxo has-post-thumbnail shipping-taxable product-type-simple\">\n\t\t\t\t<input type=\"hidden\" class=\"wpmProductId\" data-id=\"19043\">\n\t\t\t\t\t<script>\n\t\t\t(window.wpmDataLayer = window.wpmDataLayer || {}).products             = window.wpmDataLayer.products || {};\n\t\t\twindow.wpmDataLayer.products[19043] = {\"id\":\"19043\",\"sku\":\"\",\"price\":0,\"brand\":\"\",\"quantity\":1,\"dyn_r_ids\":{\"post_id\":\"19043\",\"sku\":19043,\"gpf\":\"woocommerce_gpf_19043\",\"gla\":\"gla_19043\"},\"is_variable\":false,\"type\":\"simple\",\"name\":\"AlaxoStent C AP004\",\"category\":[\"Alaxo\"],\"is_variation\":false};\n\t\t\t\t\twindow.pmw_product_position = window.pmw_product_position || 1;\n\t\twindow.wpmDataLayer.products[19043]['position'] = window.pmw_product_position++;\n\t\t\t\t<\/script>\n\t\t<\/li>\n<\/ul>\n<\/div>\n","protected":false},"excerpt":{"rendered":"","protected":false},"author":4,"featured_media":0,"parent":0,"menu_order":0,"comment_status":"closed","ping_status":"closed","template":"","meta":{"footnotes":""},"class_list":["post-19045","page","type-page","status-publish","hentry"],"yoast_head":"<!-- This site is optimized with the Yoast SEO plugin v25.3.1 - https:\/\/yoast.com\/wordpress\/plugins\/seo\/ -->\n<title>Alaxo Nasal Stents - Herdeks Magaza<\/title>\n<meta name=\"robots\" content=\"index, follow, max-snippet:-1, max-image-preview:large, max-video-preview:-1\" \/>\n<link rel=\"canonical\" href=\"http:\/\/herdeks.com.tr\/magaza\/alaxo-nasal-stents\/\" \/>\n<meta property=\"og:locale\" content=\"tr_TR\" \/>\n<meta property=\"og:type\" content=\"article\" \/>\n<meta property=\"og:title\" content=\"Alaxo Nasal Stents - Herdeks Magaza\" \/>\n<meta property=\"og:url\" content=\"http:\/\/herdeks.com.tr\/magaza\/alaxo-nasal-stents\/\" \/>\n<meta property=\"og:site_name\" content=\"Herdeks Magaza\" \/>\n<meta property=\"article:modified_time\" content=\"2020-03-04T13:31:18+00:00\" \/>\n<meta name=\"twitter:card\" content=\"summary_large_image\" \/>\n<script type=\"application\/ld+json\" class=\"yoast-schema-graph\">{\"@context\":\"https:\/\/schema.org\",\"@graph\":[{\"@type\":\"WebPage\",\"@id\":\"http:\/\/herdeks.com.tr\/magaza\/alaxo-nasal-stents\/\",\"url\":\"http:\/\/herdeks.com.tr\/magaza\/alaxo-nasal-stents\/\",\"name\":\"Alaxo Nasal Stents - Herdeks Magaza\",\"isPartOf\":{\"@id\":\"http:\/\/herdeks.com.tr\/magaza\/#website\"},\"datePublished\":\"2020-03-04T13:29:15+00:00\",\"dateModified\":\"2020-03-04T13:31:18+00:00\",\"breadcrumb\":{\"@id\":\"http:\/\/herdeks.com.tr\/magaza\/alaxo-nasal-stents\/#breadcrumb\"},\"inLanguage\":\"tr\",\"potentialAction\":[{\"@type\":\"ReadAction\",\"target\":[\"http:\/\/herdeks.com.tr\/magaza\/alaxo-nasal-stents\/\"]}]},{\"@type\":\"BreadcrumbList\",\"@id\":\"http:\/\/herdeks.com.tr\/magaza\/alaxo-nasal-stents\/#breadcrumb\",\"itemListElement\":[{\"@type\":\"ListItem\",\"position\":1,\"name\":\"Ana sayfa\",\"item\":\"http:\/\/herdeks.com.tr\/magaza\/\"},{\"@type\":\"ListItem\",\"position\":2,\"name\":\"Alaxo Nasal Stents\"}]},{\"@type\":\"WebSite\",\"@id\":\"http:\/\/herdeks.com.tr\/magaza\/#website\",\"url\":\"http:\/\/herdeks.com.tr\/magaza\/\",\"name\":\"Herdeks Magaza\",\"description\":\"Sa\u011fl\u0131kl\u0131 Ya\u015fam \u00dcr\u00fcnleri\",\"publisher\":{\"@id\":\"http:\/\/herdeks.com.tr\/magaza\/#organization\"},\"potentialAction\":[{\"@type\":\"SearchAction\",\"target\":{\"@type\":\"EntryPoint\",\"urlTemplate\":\"http:\/\/herdeks.com.tr\/magaza\/?s={search_term_string}\"},\"query-input\":{\"@type\":\"PropertyValueSpecification\",\"valueRequired\":true,\"valueName\":\"search_term_string\"}}],\"inLanguage\":\"tr\"},{\"@type\":\"Organization\",\"@id\":\"http:\/\/herdeks.com.tr\/magaza\/#organization\",\"name\":\"Herdeks Magaza\",\"url\":\"http:\/\/herdeks.com.tr\/magaza\/\",\"logo\":{\"@type\":\"ImageObject\",\"inLanguage\":\"tr\",\"@id\":\"http:\/\/herdeks.com.tr\/magaza\/#\/schema\/logo\/image\/\",\"url\":\"http:\/\/herdeks.com.tr\/magaza\/wp-content\/uploads\/2017\/05\/Herdeks-Logo-2.png\",\"contentUrl\":\"http:\/\/herdeks.com.tr\/magaza\/wp-content\/uploads\/2017\/05\/Herdeks-Logo-2.png\",\"width\":270,\"height\":72,\"caption\":\"Herdeks Magaza\"},\"image\":{\"@id\":\"http:\/\/herdeks.com.tr\/magaza\/#\/schema\/logo\/image\/\"}}]}<\/script>\n<!-- \/ Yoast SEO plugin. -->","yoast_head_json":{"title":"Alaxo Nasal Stents - Herdeks Magaza","robots":{"index":"index","follow":"follow","max-snippet":"max-snippet:-1","max-image-preview":"max-image-preview:large","max-video-preview":"max-video-preview:-1"},"canonical":"http:\/\/herdeks.com.tr\/magaza\/alaxo-nasal-stents\/","og_locale":"tr_TR","og_type":"article","og_title":"Alaxo Nasal Stents - Herdeks Magaza","og_url":"http:\/\/herdeks.com.tr\/magaza\/alaxo-nasal-stents\/","og_site_name":"Herdeks Magaza","article_modified_time":"2020-03-04T13:31:18+00:00","twitter_card":"summary_large_image","schema":{"@context":"https:\/\/schema.org","@graph":[{"@type":"WebPage","@id":"http:\/\/herdeks.com.tr\/magaza\/alaxo-nasal-stents\/","url":"http:\/\/herdeks.com.tr\/magaza\/alaxo-nasal-stents\/","name":"Alaxo Nasal Stents - Herdeks Magaza","isPartOf":{"@id":"http:\/\/herdeks.com.tr\/magaza\/#website"},"datePublished":"2020-03-04T13:29:15+00:00","dateModified":"2020-03-04T13:31:18+00:00","breadcrumb":{"@id":"http:\/\/herdeks.com.tr\/magaza\/alaxo-nasal-stents\/#breadcrumb"},"inLanguage":"tr","potentialAction":[{"@type":"ReadAction","target":["http:\/\/herdeks.com.tr\/magaza\/alaxo-nasal-stents\/"]}]},{"@type":"BreadcrumbList","@id":"http:\/\/herdeks.com.tr\/magaza\/alaxo-nasal-stents\/#breadcrumb","itemListElement":[{"@type":"ListItem","position":1,"name":"Ana sayfa","item":"http:\/\/herdeks.com.tr\/magaza\/"},{"@type":"ListItem","position":2,"name":"Alaxo Nasal Stents"}]},{"@type":"WebSite","@id":"http:\/\/herdeks.com.tr\/magaza\/#website","url":"http:\/\/herdeks.com.tr\/magaza\/","name":"Herdeks Magaza","description":"Sa\u011fl\u0131kl\u0131 Ya\u015fam \u00dcr\u00fcnleri","publisher":{"@id":"http:\/\/herdeks.com.tr\/magaza\/#organization"},"potentialAction":[{"@type":"SearchAction","target":{"@type":"EntryPoint","urlTemplate":"http:\/\/herdeks.com.tr\/magaza\/?s={search_term_string}"},"query-input":{"@type":"PropertyValueSpecification","valueRequired":true,"valueName":"search_term_string"}}],"inLanguage":"tr"},{"@type":"Organization","@id":"http:\/\/herdeks.com.tr\/magaza\/#organization","name":"Herdeks Magaza","url":"http:\/\/herdeks.com.tr\/magaza\/","logo":{"@type":"ImageObject","inLanguage":"tr","@id":"http:\/\/herdeks.com.tr\/magaza\/#\/schema\/logo\/image\/","url":"http:\/\/herdeks.com.tr\/magaza\/wp-content\/uploads\/2017\/05\/Herdeks-Logo-2.png","contentUrl":"http:\/\/herdeks.com.tr\/magaza\/wp-content\/uploads\/2017\/05\/Herdeks-Logo-2.png","width":270,"height":72,"caption":"Herdeks Magaza"},"image":{"@id":"http:\/\/herdeks.com.tr\/magaza\/#\/schema\/logo\/image\/"}}]}},"_links":{"self":[{"href":"http:\/\/herdeks.com.tr\/magaza\/wp-json\/wp\/v2\/pages\/19045","targetHints":{"allow":["GET"]}}],"collection":[{"href":"http:\/\/herdeks.com.tr\/magaza\/wp-json\/wp\/v2\/pages"}],"about":[{"href":"http:\/\/herdeks.com.tr\/magaza\/wp-json\/wp\/v2\/types\/page"}],"author":[{"embeddable":true,"href":"http:\/\/herdeks.com.tr\/magaza\/wp-json\/wp\/v2\/users\/4"}],"replies":[{"embeddable":true,"href":"http:\/\/herdeks.com.tr\/magaza\/wp-json\/wp\/v2\/comments?post=19045"}],"version-history":[{"count":2,"href":"http:\/\/herdeks.com.tr\/magaza\/wp-json\/wp\/v2\/pages\/19045\/revisions"}],"predecessor-version":[{"id":19048,"href":"http:\/\/herdeks.com.tr\/magaza\/wp-json\/wp\/v2\/pages\/19045\/revisions\/19048"}],"wp:attachment":[{"href":"http:\/\/herdeks.com.tr\/magaza\/wp-json\/wp\/v2\/media?parent=19045"}],"curies":[{"name":"wp","href":"https:\/\/api.w.org\/{rel}","templated":true}]}}