{"id":1237,"date":"2019-05-31T14:42:41","date_gmt":"2019-05-31T11:42:41","guid":{"rendered":"http:\/\/herdeks.com.tr\/magaza\/?page_id=1237"},"modified":"2019-05-31T15:26:38","modified_gmt":"2019-05-31T12:26:38","slug":"hakkimizda","status":"publish","type":"page","link":"http:\/\/herdeks.com.tr\/magaza\/hakkimizda\/","title":{"rendered":"Hakk\u0131m\u0131zda ve Yasal Ko\u015fullar"},"content":{"rendered":"\n<p>1997 y\u0131l\u0131nda odyoloji alan\u0131nda ba\u015flad\u0131\u011f\u0131 \u00e7al\u0131\u015fma hayat\u0131na, zamanla farkl\u0131 bran\u015flarda da hizmet verebilmek amac\u0131yla sekt\u00f6rel yelpazesini geni\u015fleterek devam eden&nbsp;<strong>Herdeks;<\/strong>kurulu\u015fundan bu yana da \u00fcr\u00fcn gam\u0131na s\u00fcrekli son teknoloji farkl\u0131 t\u0131bbi cihazlar eklemektedir.<\/p>\n\n\n\n<p>Sa\u011fl\u0131k sekt\u00f6r\u00fcne \u00f6nc\u00fcl\u00fck eden bir\u00e7ok markan\u0131n T\u00fcrkiye\u2019deki tek distrib\u00fct\u00f6r\u00fc olarak y\u00fcr\u00fctt\u00fc\u011f\u00fc ortakl\u0131klar\u0131 ve geni\u015f \u00fcr\u00fcn yelpazesiyle&nbsp;<strong>Herdeks;<\/strong>&nbsp;hizmet verdi\u011fi t\u0131bbi cihazlar alan\u0131nda hasta ve m\u00fc\u015fteri memnuniyeti odakl\u0131 \u00e7al\u0131\u015fma prensibini her daim asli ilkesi olarak g\u00f6rmektedir.<\/p>\n\n\n\n<p><strong>Misyonumuz<br><\/strong>\u015eirketimiz sa\u011fl\u0131k sekt\u00f6r\u00fcndeki geli\u015fmeleri yak\u0131ndan takip ederek, son teknoloji t\u0131bbi cihazlar\u0131 d\u00fcnya ile ayn\u0131 anda m\u00fc\u015fterileri ile bulu\u015fturmay\u0131 hedefler.&nbsp;<strong>Herdeks<\/strong>\u2018in temel misyonu b\u00fcnyesinde bulundurdu\u011fu teknik kadrosu ve sa\u011flad\u0131\u011f\u0131 g\u00fcvenilir teknik destek ile sekt\u00f6re kazand\u0131rd\u0131\u011f\u0131 teknolojilerin tam verimle hayata ge\u00e7mesini ve bu teknolojilerden faydalanan hastalar\u0131n memnuniyetini sa\u011flamakt\u0131r.<\/p>\n\n\n\n<p><strong>Vizyonumuz<br><\/strong>T\u00fcrk t\u0131bbi cihaz sekt\u00f6r\u00fcn\u00fcn aran\u0131l\u0131r markalar\u0131ndan biri olan&nbsp;<strong>Herdeks,<\/strong>&nbsp;d\u00fcnyan\u0131n bir\u00e7ok \u00fclkesinde bulunan i\u015f ortaklar\u0131, e\u011fitimli teknik kadrosu ve kendi sekt\u00f6r\u00fcne kazand\u0131rd\u0131\u011f\u0131 yenilik\u00e7i \u00e7\u00f6z\u00fcmler ile insan hayat\u0131na kalite katmay\u0131 vizyon edinmi\u015ftir.<\/p>\n\n\n\n<p><strong>De\u011ferlerimiz<br><\/strong>Sa\u011fl\u0131k sekt\u00f6r\u00fc gibi hayati de\u011fer ta\u015f\u0131yan bir alanda faaliyet g\u00f6steren \u015firketimiz, m\u00fc\u015fterileri ile olan ileti\u015fimlerinde bu hassasiyeti her zaman g\u00f6z \u00f6n\u00fcnde bulundurmay\u0131 ve \u00f6ncelikli hedefi insan sa\u011fl\u0131\u011f\u0131 olan bir \u00e7al\u0131\u015fma prensibi ile hizmet vermeyi ilke edinmi\u015ftir. M\u00fc\u015fterilerimiz, \u00e7al\u0131\u015fanlar\u0131m\u0131z ve i\u015f ortaklar\u0131m\u0131z ile olan ili\u015fkilerimizde d\u00fcr\u00fcst, payla\u015f\u0131mc\u0131, disiplinli ve sayg\u0131l\u0131 olmak temel de\u011ferlerimizdir.<\/p>\n\n\n\n<p><strong>\u0130leti\u015fim<br>A:&nbsp;<\/strong>Abide-i H\u00fcrriyet Cad. Reha Yurdakul Sok.<br> Emel Palas Apt. 6\/3 \u015ei\u015fli \u2013 \u0130stanbul<br><strong>T:<\/strong> 0 212 246 25 28 \u2013 0 212 246 25 29<br><strong>F:<\/strong> 0 212 246 25 27<strong>Whatsapp \u0130leti\u015fim Hatt\u0131 :<\/strong> 0 541 518 33 08 (Sadece Mesaj)<br><strong>E:<\/strong> <a href=\"mailto:info@herdeks.com.tr\">info@herdeks.com.tr<\/a><\/p>\n","protected":false},"excerpt":{"rendered":"<p>1997 y\u0131l\u0131nda odyoloji alan\u0131nda ba\u015flad\u0131\u011f\u0131 \u00e7al\u0131\u015fma hayat\u0131na, zamanla farkl\u0131 bran\u015flarda da hizmet verebilmek amac\u0131yla sekt\u00f6rel yelpazesini geni\u015fleterek devam eden&nbsp;Herdeks;kurulu\u015fundan bu yana da \u00fcr\u00fcn gam\u0131na s\u00fcrekli son teknoloji farkl\u0131 t\u0131bbi cihazlar eklemektedir. Sa\u011fl\u0131k sekt\u00f6r\u00fcne \u00f6nc\u00fcl\u00fck eden bir\u00e7ok markan\u0131n T\u00fcrkiye\u2019deki tek distrib\u00fct\u00f6r\u00fc olarak y\u00fcr\u00fctt\u00fc\u011f\u00fc ortakl\u0131klar\u0131 ve geni\u015f \u00fcr\u00fcn yelpazesiyle&nbsp;Herdeks;&nbsp;hizmet verdi\u011fi t\u0131bbi cihazlar alan\u0131nda hasta ve m\u00fc\u015fteri memnuniyeti [&hellip;]<\/p>\n","protected":false},"author":1,"featured_media":0,"parent":0,"menu_order":11,"comment_status":"closed","ping_status":"closed","template":"","meta":{"footnotes":""},"class_list":["post-1237","page","type-page","status-publish","hentry"],"yoast_head":"<!-- This site is optimized with the Yoast SEO plugin v25.3.1 - https:\/\/yoast.com\/wordpress\/plugins\/seo\/ -->\n<title>Hakk\u0131m\u0131zda ve Yasal Ko\u015fullar - Herdeks Magaza<\/title>\n<meta name=\"robots\" content=\"index, follow, max-snippet:-1, max-image-preview:large, max-video-preview:-1\" \/>\n<link rel=\"canonical\" href=\"https:\/\/herdeks.com.tr\/magaza\/hakkimizda\/\" \/>\n<meta property=\"og:locale\" content=\"tr_TR\" \/>\n<meta property=\"og:type\" content=\"article\" \/>\n<meta property=\"og:title\" content=\"Hakk\u0131m\u0131zda ve Yasal Ko\u015fullar - Herdeks Magaza\" \/>\n<meta property=\"og:description\" content=\"1997 y\u0131l\u0131nda odyoloji alan\u0131nda ba\u015flad\u0131\u011f\u0131 \u00e7al\u0131\u015fma hayat\u0131na, zamanla farkl\u0131 bran\u015flarda da hizmet verebilmek amac\u0131yla sekt\u00f6rel yelpazesini geni\u015fleterek devam eden&nbsp;Herdeks;kurulu\u015fundan bu yana da \u00fcr\u00fcn gam\u0131na s\u00fcrekli son teknoloji farkl\u0131 t\u0131bbi cihazlar eklemektedir. Sa\u011fl\u0131k sekt\u00f6r\u00fcne \u00f6nc\u00fcl\u00fck eden bir\u00e7ok markan\u0131n T\u00fcrkiye\u2019deki tek distrib\u00fct\u00f6r\u00fc olarak y\u00fcr\u00fctt\u00fc\u011f\u00fc ortakl\u0131klar\u0131 ve geni\u015f \u00fcr\u00fcn yelpazesiyle&nbsp;Herdeks;&nbsp;hizmet verdi\u011fi t\u0131bbi cihazlar alan\u0131nda hasta ve m\u00fc\u015fteri memnuniyeti [&hellip;]\" \/>\n<meta property=\"og:url\" content=\"https:\/\/herdeks.com.tr\/magaza\/hakkimizda\/\" \/>\n<meta property=\"og:site_name\" content=\"Herdeks Magaza\" \/>\n<meta property=\"article:modified_time\" content=\"2019-05-31T12:26:38+00:00\" \/>\n<meta name=\"twitter:card\" content=\"summary_large_image\" \/>\n<meta name=\"twitter:label1\" content=\"Tahmini okuma s\u00fcresi\" \/>\n\t<meta name=\"twitter:data1\" content=\"2 dakika\" \/>\n<script type=\"application\/ld+json\" class=\"yoast-schema-graph\">{\"@context\":\"https:\/\/schema.org\",\"@graph\":[{\"@type\":\"WebPage\",\"@id\":\"https:\/\/herdeks.com.tr\/magaza\/hakkimizda\/\",\"url\":\"https:\/\/herdeks.com.tr\/magaza\/hakkimizda\/\",\"name\":\"Hakk\u0131m\u0131zda ve Yasal Ko\u015fullar - Herdeks Magaza\",\"isPartOf\":{\"@id\":\"https:\/\/herdeks.com.tr\/magaza\/#website\"},\"datePublished\":\"2019-05-31T11:42:41+00:00\",\"dateModified\":\"2019-05-31T12:26:38+00:00\",\"breadcrumb\":{\"@id\":\"https:\/\/herdeks.com.tr\/magaza\/hakkimizda\/#breadcrumb\"},\"inLanguage\":\"tr\",\"potentialAction\":[{\"@type\":\"ReadAction\",\"target\":[\"https:\/\/herdeks.com.tr\/magaza\/hakkimizda\/\"]}]},{\"@type\":\"BreadcrumbList\",\"@id\":\"https:\/\/herdeks.com.tr\/magaza\/hakkimizda\/#breadcrumb\",\"itemListElement\":[{\"@type\":\"ListItem\",\"position\":1,\"name\":\"Ana sayfa\",\"item\":\"https:\/\/herdeks.com.tr\/magaza\/\"},{\"@type\":\"ListItem\",\"position\":2,\"name\":\"Hakk\u0131m\u0131zda ve Yasal Ko\u015fullar\"}]},{\"@type\":\"WebSite\",\"@id\":\"https:\/\/herdeks.com.tr\/magaza\/#website\",\"url\":\"https:\/\/herdeks.com.tr\/magaza\/\",\"name\":\"Herdeks Magaza\",\"description\":\"Sa\u011fl\u0131kl\u0131 Ya\u015fam \u00dcr\u00fcnleri\",\"publisher\":{\"@id\":\"https:\/\/herdeks.com.tr\/magaza\/#organization\"},\"potentialAction\":[{\"@type\":\"SearchAction\",\"target\":{\"@type\":\"EntryPoint\",\"urlTemplate\":\"https:\/\/herdeks.com.tr\/magaza\/?s={search_term_string}\"},\"query-input\":{\"@type\":\"PropertyValueSpecification\",\"valueRequired\":true,\"valueName\":\"search_term_string\"}}],\"inLanguage\":\"tr\"},{\"@type\":\"Organization\",\"@id\":\"https:\/\/herdeks.com.tr\/magaza\/#organization\",\"name\":\"Herdeks Magaza\",\"url\":\"https:\/\/herdeks.com.tr\/magaza\/\",\"logo\":{\"@type\":\"ImageObject\",\"inLanguage\":\"tr\",\"@id\":\"https:\/\/herdeks.com.tr\/magaza\/#\/schema\/logo\/image\/\",\"url\":\"http:\/\/herdeks.com.tr\/magaza\/wp-content\/uploads\/2017\/05\/Herdeks-Logo-2.png\",\"contentUrl\":\"http:\/\/herdeks.com.tr\/magaza\/wp-content\/uploads\/2017\/05\/Herdeks-Logo-2.png\",\"width\":270,\"height\":72,\"caption\":\"Herdeks Magaza\"},\"image\":{\"@id\":\"https:\/\/herdeks.com.tr\/magaza\/#\/schema\/logo\/image\/\"}}]}<\/script>\n<!-- \/ Yoast SEO plugin. -->","yoast_head_json":{"title":"Hakk\u0131m\u0131zda ve Yasal Ko\u015fullar - Herdeks Magaza","robots":{"index":"index","follow":"follow","max-snippet":"max-snippet:-1","max-image-preview":"max-image-preview:large","max-video-preview":"max-video-preview:-1"},"canonical":"https:\/\/herdeks.com.tr\/magaza\/hakkimizda\/","og_locale":"tr_TR","og_type":"article","og_title":"Hakk\u0131m\u0131zda ve Yasal Ko\u015fullar - Herdeks Magaza","og_description":"1997 y\u0131l\u0131nda odyoloji alan\u0131nda ba\u015flad\u0131\u011f\u0131 \u00e7al\u0131\u015fma hayat\u0131na, zamanla farkl\u0131 bran\u015flarda da hizmet verebilmek amac\u0131yla sekt\u00f6rel yelpazesini geni\u015fleterek devam eden&nbsp;Herdeks;kurulu\u015fundan bu yana da \u00fcr\u00fcn gam\u0131na s\u00fcrekli son teknoloji farkl\u0131 t\u0131bbi cihazlar eklemektedir. Sa\u011fl\u0131k sekt\u00f6r\u00fcne \u00f6nc\u00fcl\u00fck eden bir\u00e7ok markan\u0131n T\u00fcrkiye\u2019deki tek distrib\u00fct\u00f6r\u00fc olarak y\u00fcr\u00fctt\u00fc\u011f\u00fc ortakl\u0131klar\u0131 ve geni\u015f \u00fcr\u00fcn yelpazesiyle&nbsp;Herdeks;&nbsp;hizmet verdi\u011fi t\u0131bbi cihazlar alan\u0131nda hasta ve m\u00fc\u015fteri memnuniyeti [&hellip;]","og_url":"https:\/\/herdeks.com.tr\/magaza\/hakkimizda\/","og_site_name":"Herdeks Magaza","article_modified_time":"2019-05-31T12:26:38+00:00","twitter_card":"summary_large_image","twitter_misc":{"Tahmini okuma s\u00fcresi":"2 dakika"},"schema":{"@context":"https:\/\/schema.org","@graph":[{"@type":"WebPage","@id":"https:\/\/herdeks.com.tr\/magaza\/hakkimizda\/","url":"https:\/\/herdeks.com.tr\/magaza\/hakkimizda\/","name":"Hakk\u0131m\u0131zda ve Yasal Ko\u015fullar - Herdeks Magaza","isPartOf":{"@id":"https:\/\/herdeks.com.tr\/magaza\/#website"},"datePublished":"2019-05-31T11:42:41+00:00","dateModified":"2019-05-31T12:26:38+00:00","breadcrumb":{"@id":"https:\/\/herdeks.com.tr\/magaza\/hakkimizda\/#breadcrumb"},"inLanguage":"tr","potentialAction":[{"@type":"ReadAction","target":["https:\/\/herdeks.com.tr\/magaza\/hakkimizda\/"]}]},{"@type":"BreadcrumbList","@id":"https:\/\/herdeks.com.tr\/magaza\/hakkimizda\/#breadcrumb","itemListElement":[{"@type":"ListItem","position":1,"name":"Ana sayfa","item":"https:\/\/herdeks.com.tr\/magaza\/"},{"@type":"ListItem","position":2,"name":"Hakk\u0131m\u0131zda ve Yasal Ko\u015fullar"}]},{"@type":"WebSite","@id":"https:\/\/herdeks.com.tr\/magaza\/#website","url":"https:\/\/herdeks.com.tr\/magaza\/","name":"Herdeks Magaza","description":"Sa\u011fl\u0131kl\u0131 Ya\u015fam \u00dcr\u00fcnleri","publisher":{"@id":"https:\/\/herdeks.com.tr\/magaza\/#organization"},"potentialAction":[{"@type":"SearchAction","target":{"@type":"EntryPoint","urlTemplate":"https:\/\/herdeks.com.tr\/magaza\/?s={search_term_string}"},"query-input":{"@type":"PropertyValueSpecification","valueRequired":true,"valueName":"search_term_string"}}],"inLanguage":"tr"},{"@type":"Organization","@id":"https:\/\/herdeks.com.tr\/magaza\/#organization","name":"Herdeks Magaza","url":"https:\/\/herdeks.com.tr\/magaza\/","logo":{"@type":"ImageObject","inLanguage":"tr","@id":"https:\/\/herdeks.com.tr\/magaza\/#\/schema\/logo\/image\/","url":"http:\/\/herdeks.com.tr\/magaza\/wp-content\/uploads\/2017\/05\/Herdeks-Logo-2.png","contentUrl":"http:\/\/herdeks.com.tr\/magaza\/wp-content\/uploads\/2017\/05\/Herdeks-Logo-2.png","width":270,"height":72,"caption":"Herdeks Magaza"},"image":{"@id":"https:\/\/herdeks.com.tr\/magaza\/#\/schema\/logo\/image\/"}}]}},"_links":{"self":[{"href":"http:\/\/herdeks.com.tr\/magaza\/wp-json\/wp\/v2\/pages\/1237","targetHints":{"allow":["GET"]}}],"collection":[{"href":"http:\/\/herdeks.com.tr\/magaza\/wp-json\/wp\/v2\/pages"}],"about":[{"href":"http:\/\/herdeks.com.tr\/magaza\/wp-json\/wp\/v2\/types\/page"}],"author":[{"embeddable":true,"href":"http:\/\/herdeks.com.tr\/magaza\/wp-json\/wp\/v2\/users\/1"}],"replies":[{"embeddable":true,"href":"http:\/\/herdeks.com.tr\/magaza\/wp-json\/wp\/v2\/comments?post=1237"}],"version-history":[{"count":3,"href":"http:\/\/herdeks.com.tr\/magaza\/wp-json\/wp\/v2\/pages\/1237\/revisions"}],"predecessor-version":[{"id":1248,"href":"http:\/\/herdeks.com.tr\/magaza\/wp-json\/wp\/v2\/pages\/1237\/revisions\/1248"}],"wp:attachment":[{"href":"http:\/\/herdeks.com.tr\/magaza\/wp-json\/wp\/v2\/media?parent=1237"}],"curies":[{"name":"wp","href":"https:\/\/api.w.org\/{rel}","templated":true}]}}